{"id":4224,"date":"2024-02-11T01:18:41","date_gmt":"2024-02-11T01:18:41","guid":{"rendered":"https:\/\/ronaldrocha.med.br\/?page_id=4224"},"modified":"2024-02-12T22:56:25","modified_gmt":"2024-02-12T22:56:25","slug":"retina-clinica","status":"publish","type":"page","link":"https:\/\/ronaldrocha.med.br\/index.php\/retina-clinica\/","title":{"rendered":"Retina Clinica"},"content":{"rendered":"\t\t<div data-elementor-type=\"wp-page\" data-elementor-id=\"4224\" class=\"elementor elementor-4224\">\n\t\t\t\t<div class=\"elementor-element elementor-element-bbf0c2a e-flex e-con-boxed e-con e-parent\" data-id=\"bbf0c2a\" data-element_type=\"container\" data-settings=\"{&quot;background_background&quot;:&quot;classic&quot;,&quot;content_width&quot;:&quot;boxed&quot;}\" data-core-v316-plus=\"true\">\n\t\t\t\t\t<div class=\"e-con-inner\">\n\t\t\t\t<div class=\"elementor-element elementor-element-732d2a3 elementor-widget elementor-widget-heading\" data-id=\"732d2a3\" data-element_type=\"widget\" data-widget_type=\"heading.default\">\n\t\t\t\t<div class=\"elementor-widget-container\">\n\t\t\t<style>\/*! elementor - v3.19.0 - 07-02-2024 *\/\n.elementor-heading-title{padding:0;margin:0;line-height:1}.elementor-widget-heading .elementor-heading-title[class*=elementor-size-]>a{color:inherit;font-size:inherit;line-height:inherit}.elementor-widget-heading .elementor-heading-title.elementor-size-small{font-size:15px}.elementor-widget-heading .elementor-heading-title.elementor-size-medium{font-size:19px}.elementor-widget-heading .elementor-heading-title.elementor-size-large{font-size:29px}.elementor-widget-heading .elementor-heading-title.elementor-size-xl{font-size:39px}.elementor-widget-heading .elementor-heading-title.elementor-size-xxl{font-size:59px}<\/style><h4 class=\"elementor-heading-title elementor-size-default\">Especialidades<\/h4>\t\t<\/div>\n\t\t\t\t<\/div>\n\t\t\t\t\t<\/div>\n\t\t\t\t<\/div>\n\t\t\t\t<section class=\"elementor-section elementor-top-section elementor-element elementor-element-db55e90 elementor-section-boxed elementor-section-height-default elementor-section-height-default\" data-id=\"db55e90\" data-element_type=\"section\" data-settings=\"{&quot;background_background&quot;:&quot;classic&quot;}\">\n\t\t\t\t\t\t<div class=\"elementor-container elementor-column-gap-default\">\n\t\t\t\t\t<div class=\"elementor-column elementor-col-50 elementor-top-column elementor-element elementor-element-ce55667\" data-id=\"ce55667\" data-element_type=\"column\">\n\t\t\t<div class=\"elementor-widget-wrap elementor-element-populated\">\n\t\t\t\t\t\t<div class=\"elementor-element elementor-element-905f830 elementor-widget elementor-widget-image\" data-id=\"905f830\" data-element_type=\"widget\" data-widget_type=\"image.default\">\n\t\t\t\t<div class=\"elementor-widget-container\">\n\t\t\t<style>\/*! elementor - v3.19.0 - 07-02-2024 *\/\n.elementor-widget-image{text-align:center}.elementor-widget-image a{display:inline-block}.elementor-widget-image a img[src$=\".svg\"]{width:48px}.elementor-widget-image img{vertical-align:middle;display:inline-block}<\/style>\t\t\t\t\t\t\t\t\t\t<img fetchpriority=\"high\" decoding=\"async\" width=\"500\" height=\"514\" src=\"https:\/\/ronaldrocha.med.br\/wp-content\/uploads\/2024\/02\/WhatsApp-Image-2024-02-09-at-22.57.11-e1707602544894.jpeg\" class=\"attachment-full size-full wp-image-4203\" alt=\"\" \/>\t\t\t\t\t\t\t\t\t\t\t\t\t<\/div>\n\t\t\t\t<\/div>\n\t\t\t\t\t<\/div>\n\t\t<\/div>\n\t\t\t\t<div class=\"elementor-column elementor-col-50 elementor-top-column elementor-element elementor-element-8d8577a\" data-id=\"8d8577a\" data-element_type=\"column\">\n\t\t\t<div class=\"elementor-widget-wrap elementor-element-populated\">\n\t\t\t\t\t\t<div class=\"elementor-element elementor-element-bbcbb74 elementor-widget elementor-widget-heading\" data-id=\"bbcbb74\" data-element_type=\"widget\" data-widget_type=\"heading.default\">\n\t\t\t\t<div class=\"elementor-widget-container\">\n\t\t\t<h4 class=\"elementor-heading-title elementor-size-default\">Retina Cl\u00ednica<\/h4>\t\t<\/div>\n\t\t\t\t<\/div>\n\t\t\t\t<div class=\"elementor-element elementor-element-8b9c657 elementor-widget elementor-widget-text-editor\" data-id=\"8b9c657\" data-element_type=\"widget\" data-widget_type=\"text-editor.default\">\n\t\t\t\t<div class=\"elementor-widget-container\">\n\t\t\t<style>\/*! elementor - v3.19.0 - 07-02-2024 *\/\n.elementor-widget-text-editor.elementor-drop-cap-view-stacked .elementor-drop-cap{background-color:#69727d;color:#fff}.elementor-widget-text-editor.elementor-drop-cap-view-framed .elementor-drop-cap{color:#69727d;border:3px solid;background-color:transparent}.elementor-widget-text-editor:not(.elementor-drop-cap-view-default) .elementor-drop-cap{margin-top:8px}.elementor-widget-text-editor:not(.elementor-drop-cap-view-default) .elementor-drop-cap-letter{width:1em;height:1em}.elementor-widget-text-editor .elementor-drop-cap{float:left;text-align:center;line-height:1;font-size:50px}.elementor-widget-text-editor .elementor-drop-cap-letter{display:inline-block}<\/style>\t\t\t\t<h6>Retina\u00a0<\/h6><p>Fina camada respons\u00e1vel por transformar a luz captada em est\u00edmulos nervosos e transmiti-los ao c\u00e9rebro por meio do nervo \u00f3tico, gerando a imagem.<\/p><h6>Principais problemas que atingem a Retina<\/h6><h6>Descolamento de Retina<\/h6><p>Ocorre quando a Retina \u00e9 separada da parte interna do olho, causando a morte de c\u00e9lulas que s\u00e3o nutridas por essas camadas.<\/p><p>Este tipo de Descolamento pode ser causado por conta de diversas outras causas, sendo rupturas causadas pelo descolamento de V\u00edtreo as mais comuns. Por\u00e9m outras causas s\u00e3o: altos graus de Miopia, degenera\u00e7\u00e3o da Retina e hist\u00f3rico familiar de descolamento de Retina.<\/p><p>Os principais sintomas que podem ser notados no Descolamento de Retina s\u00e3o a perda de vis\u00e3o repentina e indolor, aparecimento de manchas e flashes de luz ou moscas volantes na vis\u00e3o perif\u00e9rica.<\/p><p>\u00c9 recomendado, ao notar alguns desses sintomas, procurar com urg\u00eancia um m\u00e9dico oftalmologista especializado em Retina para realiza\u00e7\u00e3o do exame Mapeamento de Retina, no qual \u00e9 poss\u00edvel diagnosticar o descolamento e recomendar o tratamento adequado.<\/p><p>O tratamento pode ser feito por meio de fotocoagula\u00e7\u00e3o com de raio laser em casos iniciais visando o n\u00e3o agravamento do problema. No entanto, em casos mais avan\u00e7ados, o tratamento \u00e9 feito somente por meio da cirurgia.<\/p><h6>Retinopatia Diab\u00e9tica<\/h6><p>A principal causa de cegueira na popula\u00e7\u00e3o adulta e pacientes com diabetes por conta de altera\u00e7\u00f5es nos vasos sangu\u00edneos da Retina, causadas pela Hiperglicemia persistente por longo tempo. Essas les\u00f5es fazem com que se tenha um ac\u00famulo de fluido na \u00e1rea central da Retina, chamado de Edema Macular.<\/p><p>Al\u00e9m disso, a\u00a0Retinopatia Diab\u00e9tica\u00a0pode causar tamb\u00e9m a obstru\u00e7\u00e3o dos vasos sangu\u00edneos da Retina, impedindo o fluxo de sangue e levando a ocaionar hemorragia v\u00edtrea e descolamento da retina.<\/p><p>Os principais sintomas s\u00e3o vis\u00e3o emba\u00e7ada, vis\u00e3o dupla, dificuldade para ler, perda de vis\u00e3o perif\u00e9rica e ocorr\u00eancia de manchas na vis\u00e3o.<\/p><p>Normalmente, os sintomas podem demorar muitos anos para aparecer, portanto, \u00e9 necess\u00e1rio consultar um m\u00e9dico oftalmologista constantemente. Em casos de pacientes com diabetes, \u00e9 necess\u00e1rio fazer exames anualmente para acompanhar a sa\u00fade visual.<\/p><h6>Degenera\u00e7\u00e3o macular relacionada a idade (DMRI)<\/h6><p>A\u00a0<a href=\"https:\/\/www.youtube.com\/watch?v=utKUn0xIP04\">DMRI<\/a>\u00a0pode ser dividida em dois tipos: seca ou \u00famida.<\/p><p><strong>DMRI Seca:<\/strong>\u00a0contabilizando 90% dos casos, \u00e9 caracterizada pelo ac\u00famulo de subst\u00e2ncias do metabolismo celular sob as c\u00e9lulas receptoras de luz na M\u00e1cula.<\/p><p><strong>DMRI \u00damida:\u00a0<\/strong>j\u00e1 no caso da DMRI \u00damida, v\u00e1rios vasos sangu\u00edneos crescem sob a M\u00e1cula e podem causar hemorragias que prejudicam muito a vis\u00e3o.<\/p><p>As causas desse problema ainda n\u00e3o s\u00e3o muito esclarecidas, por\u00e9m suas altera\u00e7\u00f5es acontecem sob a Retina, apresentando sintomas como emba\u00e7amento na vis\u00e3o central e pontos cegos no campo visual.<\/p>\t\t\t\t\t\t<\/div>\n\t\t\t\t<\/div>\n\t\t\t\t\t<\/div>\n\t\t<\/div>\n\t\t\t\t\t<\/div>\n\t\t<\/section>\n\t\t\t\t<\/div>\n\t\t","protected":false},"excerpt":{"rendered":"<p>Especialidades Retina Cl\u00ednica Retina\u00a0 Fina camada respons\u00e1vel por transformar a luz captada em est\u00edmulos nervosos e transmiti-los ao c\u00e9rebro por meio do nervo \u00f3tico, gerando a imagem. Principais problemas que atingem a Retina Descolamento de Retina Ocorre quando a Retina \u00e9 separada da parte interna do olho, causando a morte de c\u00e9lulas que s\u00e3o nutridas [&hellip;]<\/p>\n","protected":false},"author":1,"featured_media":0,"parent":0,"menu_order":0,"comment_status":"closed","ping_status":"closed","template":"template-landing.php","meta":{"_acf_changed":false,"om_disable_all_campaigns":false,"_monsterinsights_skip_tracking":false,"_monsterinsights_sitenote_active":false,"_monsterinsights_sitenote_note":"","_monsterinsights_sitenote_category":0,"footnotes":""},"class_list":["post-4224","page","type-page","status-publish","hentry"],"acf":[],"aioseo_notices":[],"aioseo_head":"\n\t\t<!-- All in One SEO Pro 4.7.9 - aioseo.com -->\n\t\t<meta name=\"description\" content=\"Especialidades Retina Cl\u00ednica Retina Fina camada respons\u00e1vel por transformar a luz captada em est\u00edmulos nervosos e transmiti-los ao c\u00e9rebro por meio do nervo \u00f3tico, gerando a imagem.Principais problemas que atingem a RetinaDescolamento de RetinaOcorre quando a Retina \u00e9 separada da parte interna do olho, causando a morte de c\u00e9lulas que s\u00e3o nutridas por essas camadas.Este tipo\" \/>\n\t\t<meta name=\"robots\" content=\"max-image-preview:large\" \/>\n\t\t<link rel=\"canonical\" href=\"https:\/\/ronaldrocha.med.br\/index.php\/retina-clinica\/\" \/>\n\t\t<meta name=\"generator\" content=\"All in One SEO Pro (AIOSEO) 4.7.9\" \/>\n\t\t<meta property=\"og:locale\" content=\"pt_BR\" \/>\n\t\t<meta property=\"og:site_name\" content=\"Ronald Rocha Oftalmologista - especialista em catarata e retina em feira de santana e regi\u00e3o\" \/>\n\t\t<meta property=\"og:type\" content=\"article\" \/>\n\t\t<meta property=\"og:title\" content=\"Retina Clinica - Ronald Rocha Oftalmologista\" \/>\n\t\t<meta property=\"og:description\" content=\"Especialidades Retina Cl\u00ednica Retina Fina camada respons\u00e1vel por transformar a luz captada em est\u00edmulos nervosos e transmiti-los ao c\u00e9rebro por meio do nervo \u00f3tico, gerando a imagem.Principais problemas que atingem a RetinaDescolamento de RetinaOcorre quando a Retina \u00e9 separada da parte interna do olho, causando a morte de c\u00e9lulas que s\u00e3o nutridas por essas camadas.Este tipo\" \/>\n\t\t<meta property=\"og:url\" content=\"https:\/\/ronaldrocha.med.br\/index.php\/retina-clinica\/\" \/>\n\t\t<meta property=\"article:published_time\" content=\"2024-02-11T01:18:41+00:00\" \/>\n\t\t<meta property=\"article:modified_time\" content=\"2024-02-12T22:56:25+00:00\" \/>\n\t\t<meta name=\"twitter:card\" content=\"summary_large_image\" \/>\n\t\t<meta name=\"twitter:title\" content=\"Retina Clinica - Ronald Rocha Oftalmologista\" \/>\n\t\t<meta name=\"twitter:description\" content=\"Especialidades Retina Cl\u00ednica Retina Fina camada respons\u00e1vel por transformar a luz captada em est\u00edmulos nervosos e transmiti-los ao c\u00e9rebro por meio do nervo \u00f3tico, gerando a imagem.Principais problemas que atingem a RetinaDescolamento de RetinaOcorre quando a Retina \u00e9 separada da parte interna do olho, causando a morte de c\u00e9lulas que s\u00e3o nutridas por essas camadas.Este tipo\" \/>\n\t\t<script type=\"application\/ld+json\" class=\"aioseo-schema\">\n\t\t\t{\"@context\":\"https:\\\/\\\/schema.org\",\"@graph\":[{\"@type\":\"BreadcrumbList\",\"@id\":\"https:\\\/\\\/ronaldrocha.med.br\\\/index.php\\\/retina-clinica\\\/#breadcrumblist\",\"itemListElement\":[{\"@type\":\"ListItem\",\"@id\":\"https:\\\/\\\/ronaldrocha.med.br\\\/#listItem\",\"position\":1,\"name\":\"Home\",\"item\":\"https:\\\/\\\/ronaldrocha.med.br\\\/\",\"nextItem\":\"https:\\\/\\\/ronaldrocha.med.br\\\/index.php\\\/retina-clinica\\\/#listItem\"},{\"@type\":\"ListItem\",\"@id\":\"https:\\\/\\\/ronaldrocha.med.br\\\/index.php\\\/retina-clinica\\\/#listItem\",\"position\":2,\"name\":\"Retina Clinica\",\"previousItem\":\"https:\\\/\\\/ronaldrocha.med.br\\\/#listItem\"}]},{\"@type\":\"Organization\",\"@id\":\"https:\\\/\\\/ronaldrocha.med.br\\\/#organization\",\"name\":\"Ronald Rocha Oftalmologista\",\"description\":\"especialista em catarata e retina em feira de santana e regi\\u00e3o\",\"url\":\"https:\\\/\\\/ronaldrocha.med.br\\\/\"},{\"@type\":\"WebPage\",\"@id\":\"https:\\\/\\\/ronaldrocha.med.br\\\/index.php\\\/retina-clinica\\\/#webpage\",\"url\":\"https:\\\/\\\/ronaldrocha.med.br\\\/index.php\\\/retina-clinica\\\/\",\"name\":\"Retina Clinica - Ronald Rocha Oftalmologista\",\"description\":\"Especialidades Retina Cl\\u00ednica Retina Fina camada respons\\u00e1vel por transformar a luz captada em est\\u00edmulos nervosos e transmiti-los ao c\\u00e9rebro por meio do nervo \\u00f3tico, gerando a imagem.Principais problemas que atingem a RetinaDescolamento de RetinaOcorre quando a Retina \\u00e9 separada da parte interna do olho, causando a morte de c\\u00e9lulas que s\\u00e3o nutridas por essas camadas.Este tipo\",\"inLanguage\":\"pt-BR\",\"isPartOf\":{\"@id\":\"https:\\\/\\\/ronaldrocha.med.br\\\/#website\"},\"breadcrumb\":{\"@id\":\"https:\\\/\\\/ronaldrocha.med.br\\\/index.php\\\/retina-clinica\\\/#breadcrumblist\"},\"datePublished\":\"2024-02-11T01:18:41+00:00\",\"dateModified\":\"2024-02-12T22:56:25+00:00\"},{\"@type\":\"WebSite\",\"@id\":\"https:\\\/\\\/ronaldrocha.med.br\\\/#website\",\"url\":\"https:\\\/\\\/ronaldrocha.med.br\\\/\",\"name\":\"Ronald Rocha Oftalmologista\",\"description\":\"especialista em catarata e retina em feira de santana e regi\\u00e3o\",\"inLanguage\":\"pt-BR\",\"publisher\":{\"@id\":\"https:\\\/\\\/ronaldrocha.med.br\\\/#organization\"}}]}\n\t\t<\/script>\n\t\t<!-- All in One SEO Pro -->\r\n\t\t<title>Retina Clinica - Ronald Rocha Oftalmologista<\/title>\n\n","aioseo_head_json":{"title":"Retina Clinica - Ronald Rocha Oftalmologista","description":"Especialidades Retina Cl\u00ednica Retina Fina camada respons\u00e1vel por transformar a luz captada em est\u00edmulos nervosos e transmiti-los ao c\u00e9rebro por meio do nervo \u00f3tico, gerando a imagem.Principais problemas que atingem a RetinaDescolamento de RetinaOcorre quando a Retina \u00e9 separada da parte interna do olho, causando a morte de c\u00e9lulas que s\u00e3o nutridas por essas camadas.Este tipo","canonical_url":"https:\/\/ronaldrocha.med.br\/index.php\/retina-clinica\/","robots":"max-image-preview:large","keywords":"","webmasterTools":{"miscellaneous":""},"og:locale":"pt_BR","og:site_name":"Ronald Rocha Oftalmologista - especialista em catarata e retina em feira de santana e regi\u00e3o","og:type":"article","og:title":"Retina Clinica - Ronald Rocha Oftalmologista","og:description":"Especialidades Retina Cl\u00ednica Retina Fina camada respons\u00e1vel por transformar a luz captada em est\u00edmulos nervosos e transmiti-los ao c\u00e9rebro por meio do nervo \u00f3tico, gerando a imagem.Principais problemas que atingem a RetinaDescolamento de RetinaOcorre quando a Retina \u00e9 separada da parte interna do olho, causando a morte de c\u00e9lulas que s\u00e3o nutridas por essas camadas.Este tipo","og:url":"https:\/\/ronaldrocha.med.br\/index.php\/retina-clinica\/","article:published_time":"2024-02-11T01:18:41+00:00","article:modified_time":"2024-02-12T22:56:25+00:00","twitter:card":"summary_large_image","twitter:title":"Retina Clinica - Ronald Rocha Oftalmologista","twitter:description":"Especialidades Retina Cl\u00ednica Retina Fina camada respons\u00e1vel por transformar a luz captada em est\u00edmulos nervosos e transmiti-los ao c\u00e9rebro por meio do nervo \u00f3tico, gerando a imagem.Principais problemas que atingem a RetinaDescolamento de RetinaOcorre quando a Retina \u00e9 separada da parte interna do olho, causando a morte de c\u00e9lulas que s\u00e3o nutridas por essas camadas.Este tipo","schema":{"@context":"https:\/\/schema.org","@graph":[{"@type":"BreadcrumbList","@id":"https:\/\/ronaldrocha.med.br\/index.php\/retina-clinica\/#breadcrumblist","itemListElement":[{"@type":"ListItem","@id":"https:\/\/ronaldrocha.med.br\/#listItem","position":1,"name":"Home","item":"https:\/\/ronaldrocha.med.br\/","nextItem":"https:\/\/ronaldrocha.med.br\/index.php\/retina-clinica\/#listItem"},{"@type":"ListItem","@id":"https:\/\/ronaldrocha.med.br\/index.php\/retina-clinica\/#listItem","position":2,"name":"Retina Clinica","previousItem":"https:\/\/ronaldrocha.med.br\/#listItem"}]},{"@type":"Organization","@id":"https:\/\/ronaldrocha.med.br\/#organization","name":"Ronald Rocha Oftalmologista","description":"especialista em catarata e retina em feira de santana e regi\u00e3o","url":"https:\/\/ronaldrocha.med.br\/"},{"@type":"WebPage","@id":"https:\/\/ronaldrocha.med.br\/index.php\/retina-clinica\/#webpage","url":"https:\/\/ronaldrocha.med.br\/index.php\/retina-clinica\/","name":"Retina Clinica - Ronald Rocha Oftalmologista","description":"Especialidades Retina Cl\u00ednica Retina Fina camada respons\u00e1vel por transformar a luz captada em est\u00edmulos nervosos e transmiti-los ao c\u00e9rebro por meio do nervo \u00f3tico, gerando a imagem.Principais problemas que atingem a RetinaDescolamento de RetinaOcorre quando a Retina \u00e9 separada da parte interna do olho, causando a morte de c\u00e9lulas que s\u00e3o nutridas por essas camadas.Este tipo","inLanguage":"pt-BR","isPartOf":{"@id":"https:\/\/ronaldrocha.med.br\/#website"},"breadcrumb":{"@id":"https:\/\/ronaldrocha.med.br\/index.php\/retina-clinica\/#breadcrumblist"},"datePublished":"2024-02-11T01:18:41+00:00","dateModified":"2024-02-12T22:56:25+00:00"},{"@type":"WebSite","@id":"https:\/\/ronaldrocha.med.br\/#website","url":"https:\/\/ronaldrocha.med.br\/","name":"Ronald Rocha Oftalmologista","description":"especialista em catarata e retina em feira de santana e regi\u00e3o","inLanguage":"pt-BR","publisher":{"@id":"https:\/\/ronaldrocha.med.br\/#organization"}}]}},"aioseo_meta_data":{"post_id":"4224","title":null,"description":null,"keywords":null,"keyphrases":null,"primary_term":null,"canonical_url":null,"og_title":null,"og_description":null,"og_object_type":"default","og_image_type":"default","og_image_url":null,"og_image_width":null,"og_image_height":null,"og_image_custom_url":null,"og_image_custom_fields":null,"og_video":null,"og_custom_url":null,"og_article_section":null,"og_article_tags":null,"twitter_use_og":false,"twitter_card":"default","twitter_image_type":"default","twitter_image_url":null,"twitter_image_custom_url":null,"twitter_image_custom_fields":null,"twitter_title":null,"twitter_description":null,"schema":{"blockGraphs":[],"customGraphs":[],"default":{"data":{"Article":[],"Course":[],"Dataset":[],"FAQPage":[],"Movie":[],"Person":[],"Product":[],"ProductReview":[],"Car":[],"Recipe":[],"Service":[],"SoftwareApplication":[],"WebPage":[]},"graphName":"","isEnabled":true},"graphs":[]},"schema_type":"default","schema_type_options":null,"pillar_content":false,"robots_default":true,"robots_noindex":false,"robots_noarchive":false,"robots_nosnippet":false,"robots_nofollow":false,"robots_noimageindex":false,"robots_noodp":false,"robots_notranslate":false,"robots_max_snippet":null,"robots_max_videopreview":null,"robots_max_imagepreview":"large","priority":null,"frequency":null,"local_seo":null,"breadcrumb_settings":null,"limit_modified_date":false,"open_ai":null,"created":"2025-08-02 19:49:05","updated":"2025-08-03 11:57:02"},"aioseo_breadcrumb":"<div class=\"aioseo-breadcrumbs\"><span class=\"aioseo-breadcrumb\">\n\t<a href=\"https:\/\/ronaldrocha.med.br\" title=\"Home\">Home<\/a>\n<\/span><span class=\"aioseo-breadcrumb-separator\">&raquo;<\/span><span class=\"aioseo-breadcrumb\">\n\tRetina Clinica\n<\/span><\/div>","aioseo_breadcrumb_json":[{"label":"Home","link":"https:\/\/ronaldrocha.med.br"},{"label":"Retina Clinica","link":"https:\/\/ronaldrocha.med.br\/index.php\/retina-clinica\/"}],"_links":{"self":[{"href":"https:\/\/ronaldrocha.med.br\/index.php\/wp-json\/wp\/v2\/pages\/4224","targetHints":{"allow":["GET"]}}],"collection":[{"href":"https:\/\/ronaldrocha.med.br\/index.php\/wp-json\/wp\/v2\/pages"}],"about":[{"href":"https:\/\/ronaldrocha.med.br\/index.php\/wp-json\/wp\/v2\/types\/page"}],"author":[{"embeddable":true,"href":"https:\/\/ronaldrocha.med.br\/index.php\/wp-json\/wp\/v2\/users\/1"}],"replies":[{"embeddable":true,"href":"https:\/\/ronaldrocha.med.br\/index.php\/wp-json\/wp\/v2\/comments?post=4224"}],"version-history":[{"count":10,"href":"https:\/\/ronaldrocha.med.br\/index.php\/wp-json\/wp\/v2\/pages\/4224\/revisions"}],"predecessor-version":[{"id":4360,"href":"https:\/\/ronaldrocha.med.br\/index.php\/wp-json\/wp\/v2\/pages\/4224\/revisions\/4360"}],"wp:attachment":[{"href":"https:\/\/ronaldrocha.med.br\/index.php\/wp-json\/wp\/v2\/media?parent=4224"}],"curies":[{"name":"wp","href":"https:\/\/api.w.org\/{rel}","templated":true}]}}