{"id":4211,"date":"2024-02-10T23:03:25","date_gmt":"2024-02-10T23:03:25","guid":{"rendered":"https:\/\/ronaldrocha.med.br\/?page_id=4211"},"modified":"2024-02-12T22:55:57","modified_gmt":"2024-02-12T22:55:57","slug":"catarata","status":"publish","type":"page","link":"https:\/\/ronaldrocha.med.br\/index.php\/catarata\/","title":{"rendered":"Catarata"},"content":{"rendered":"\t\t<div data-elementor-type=\"wp-page\" data-elementor-id=\"4211\" class=\"elementor elementor-4211\">\n\t\t\t\t<div class=\"elementor-element elementor-element-542a7bc e-flex e-con-boxed e-con e-parent\" data-id=\"542a7bc\" data-element_type=\"container\" data-settings=\"{&quot;background_background&quot;:&quot;classic&quot;,&quot;content_width&quot;:&quot;boxed&quot;}\" data-core-v316-plus=\"true\">\n\t\t\t\t\t<div class=\"e-con-inner\">\n\t\t\t\t<div class=\"elementor-element elementor-element-9903a5d elementor-widget elementor-widget-heading\" data-id=\"9903a5d\" data-element_type=\"widget\" data-widget_type=\"heading.default\">\n\t\t\t\t<div class=\"elementor-widget-container\">\n\t\t\t<style>\/*! elementor - v3.19.0 - 07-02-2024 *\/\n.elementor-heading-title{padding:0;margin:0;line-height:1}.elementor-widget-heading .elementor-heading-title[class*=elementor-size-]>a{color:inherit;font-size:inherit;line-height:inherit}.elementor-widget-heading .elementor-heading-title.elementor-size-small{font-size:15px}.elementor-widget-heading .elementor-heading-title.elementor-size-medium{font-size:19px}.elementor-widget-heading .elementor-heading-title.elementor-size-large{font-size:29px}.elementor-widget-heading .elementor-heading-title.elementor-size-xl{font-size:39px}.elementor-widget-heading .elementor-heading-title.elementor-size-xxl{font-size:59px}<\/style><h4 class=\"elementor-heading-title elementor-size-default\">Especialidades<\/h4>\t\t<\/div>\n\t\t\t\t<\/div>\n\t\t\t\t\t<\/div>\n\t\t\t\t<\/div>\n\t\t\t\t<section class=\"elementor-section elementor-top-section elementor-element elementor-element-9688937 elementor-section-boxed elementor-section-height-default elementor-section-height-default\" data-id=\"9688937\" data-element_type=\"section\" data-settings=\"{&quot;background_background&quot;:&quot;classic&quot;}\">\n\t\t\t\t\t\t<div class=\"elementor-container elementor-column-gap-default\">\n\t\t\t\t\t<div class=\"elementor-column elementor-col-50 elementor-top-column elementor-element elementor-element-71bfc2a\" data-id=\"71bfc2a\" data-element_type=\"column\">\n\t\t\t<div class=\"elementor-widget-wrap elementor-element-populated\">\n\t\t\t\t\t\t<div class=\"elementor-element elementor-element-6eeeef1 elementor-widget elementor-widget-image\" data-id=\"6eeeef1\" data-element_type=\"widget\" data-widget_type=\"image.default\">\n\t\t\t\t<div class=\"elementor-widget-container\">\n\t\t\t<style>\/*! elementor - v3.19.0 - 07-02-2024 *\/\n.elementor-widget-image{text-align:center}.elementor-widget-image a{display:inline-block}.elementor-widget-image a img[src$=\".svg\"]{width:48px}.elementor-widget-image img{vertical-align:middle;display:inline-block}<\/style>\t\t\t\t\t\t\t\t\t\t<img decoding=\"async\" src=\"https:\/\/ronaldrocha.med.br\/wp-content\/uploads\/elementor\/thumbs\/WhatsApp-Image-2024-02-09-at-22.59.14-e1707778403442-qjpzfomiibnnw2885285oguw6yaw84f6evmtesbe2o.jpeg\" title=\"WhatsApp Image 2024-02-09 at 22.59.14\" alt=\"WhatsApp Image 2024-02-09 at 22.59.14\" loading=\"lazy\" \/>\t\t\t\t\t\t\t\t\t\t\t\t\t<\/div>\n\t\t\t\t<\/div>\n\t\t\t\t\t<\/div>\n\t\t<\/div>\n\t\t\t\t<div class=\"elementor-column elementor-col-50 elementor-top-column elementor-element elementor-element-b01bdf5\" data-id=\"b01bdf5\" data-element_type=\"column\">\n\t\t\t<div class=\"elementor-widget-wrap elementor-element-populated\">\n\t\t\t\t\t\t<div class=\"elementor-element elementor-element-df6e520 elementor-widget elementor-widget-heading\" data-id=\"df6e520\" data-element_type=\"widget\" data-widget_type=\"heading.default\">\n\t\t\t\t<div class=\"elementor-widget-container\">\n\t\t\t<h4 class=\"elementor-heading-title elementor-size-default\">Catarata<\/h4>\t\t<\/div>\n\t\t\t\t<\/div>\n\t\t\t\t<div class=\"elementor-element elementor-element-152734f elementor-widget elementor-widget-text-editor\" data-id=\"152734f\" data-element_type=\"widget\" data-widget_type=\"text-editor.default\">\n\t\t\t\t<div class=\"elementor-widget-container\">\n\t\t\t<style>\/*! elementor - v3.19.0 - 07-02-2024 *\/\n.elementor-widget-text-editor.elementor-drop-cap-view-stacked .elementor-drop-cap{background-color:#69727d;color:#fff}.elementor-widget-text-editor.elementor-drop-cap-view-framed .elementor-drop-cap{color:#69727d;border:3px solid;background-color:transparent}.elementor-widget-text-editor:not(.elementor-drop-cap-view-default) .elementor-drop-cap{margin-top:8px}.elementor-widget-text-editor:not(.elementor-drop-cap-view-default) .elementor-drop-cap-letter{width:1em;height:1em}.elementor-widget-text-editor .elementor-drop-cap{float:left;text-align:center;line-height:1;font-size:50px}.elementor-widget-text-editor .elementor-drop-cap-letter{display:inline-block}<\/style>\t\t\t\t<p>A\u00a0<strong>Catarata<\/strong>\u00a0\u00e9 a diminui\u00e7\u00e3o da transpar\u00eancia do cristalino (lente situada atr\u00e1s da \u00edris respons\u00e1vel por fazer a converg\u00eancia do raio de luz para a retina formar a imagem). Essa opacifica\u00e7\u00e3o do cristalino compromete a vis\u00e3o, deixando-a emba\u00e7ada, como se houvesse uma n\u00e9voa diante dos olhos.<\/p><p>A evolu\u00e7\u00e3o da\u00a0<strong>Catarata<\/strong> costuma ser lenta e pode afetar de in\u00edcio somente um dos olhos.<\/p><h6>Quais os sintomas da Catarata?<\/h6><p>A\u00a0<strong>Catarata<\/strong>\u00a0pode causar diversos sintomas e o mais comum \u00e9 a sensa\u00e7\u00e3o de vista nublada. A colora\u00e7\u00e3o esbranqui\u00e7ada na pupila causada pela opacidade no cristalino do olho \u00e9 um dos principais sinais de quem sofre com a\u00a0<strong>Catarata<\/strong>.<\/p><p>Outros sintomas como vis\u00e3o dupla, sensibilidade \u00e0 luz e imagens distorcidas tamb\u00e9m podem ocorrer em quem sofre com a\u00a0<strong>Catarata<\/strong>. Caso n\u00e3o seja tratada, pode evoluir e prejudicar progressivamente a vis\u00e3o, possibilitando somente a vis\u00e3o de vultos e, at\u00e9 mesmo, provocar cegueira.<\/p><h6>O que pode causar a Catarata?<\/h6><p>A causa mais comum da Catarata \u00e9 o processo de envelhecimento, normalmente em pessoas com mais de 50 anos. No entanto, a Catarata pode ser tamb\u00e9m adquirida caso o indiv\u00edduo:<\/p><p>\u2013 Tenha diabetes;<\/p><p>\u2013 Fa\u00e7a o uso indevido de col\u00edrios (principalmente os que possuem corticoides em sua composi\u00e7\u00e3o);<\/p><p>\u2013 Tenha inflama\u00e7\u00f5es intraoculares;<\/p><p>\u2013 Tenha sofrido traumas fortes na regi\u00e3o, como socos ou batidas fortes;<\/p><p>\u2013 Esteja exposto excessivamente \u00e0 radia\u00e7\u00e3o.<\/p><h6>Diagn\u00f3stico e tratamento da Catarata<\/h6><p>O diagn\u00f3stico da Catarata \u00e9 feito somente pelo m\u00e9dico oftalmologista que ir\u00e1 analisar a exist\u00eancia ou n\u00e3o de opacidade no cristalino e, caso seja diagnosticado, ser\u00e1 indicado o tratamento.<\/p><p>O tratamento para a Catarata \u00e9 cir\u00fargico, no qual esta \u00e9 substitu\u00edda por uma lente artificial que recupera a transpar\u00eancia perdida. Essa cirurgia, geralmente, \u00e9 r\u00e1pida, muito segura e feita sob anestesia local. Durante o procedimento, \u00e9 poss\u00edvel implantar lentes especiais que, em algumas vezes, permitem eliminar o uso de \u00f3culos.<\/p><h6>Principais recomenda\u00e7\u00f5es<\/h6><p>Recomenda-se evitar o uso de col\u00edrios sem prescri\u00e7\u00e3o m\u00e9dica (principalmente os que possuem corticoides em sua composi\u00e7\u00e3o) e seguir as indica\u00e7\u00f5es de aplica\u00e7\u00e3o passadas pelo m\u00e9dico oftalmologista.<\/p>\t\t\t\t\t\t<\/div>\n\t\t\t\t<\/div>\n\t\t\t\t\t<\/div>\n\t\t<\/div>\n\t\t\t\t\t<\/div>\n\t\t<\/section>\n\t\t\t\t<\/div>\n\t\t","protected":false},"excerpt":{"rendered":"<p>Especialidades Catarata A\u00a0Catarata\u00a0\u00e9 a diminui\u00e7\u00e3o da transpar\u00eancia do cristalino (lente situada atr\u00e1s da \u00edris respons\u00e1vel por fazer a converg\u00eancia do raio de luz para a retina formar a imagem). Essa opacifica\u00e7\u00e3o do cristalino compromete a vis\u00e3o, deixando-a emba\u00e7ada, como se houvesse uma n\u00e9voa diante dos olhos. A evolu\u00e7\u00e3o da\u00a0Catarata costuma ser lenta e pode afetar [&hellip;]<\/p>\n","protected":false},"author":1,"featured_media":0,"parent":0,"menu_order":0,"comment_status":"closed","ping_status":"closed","template":"template-landing.php","meta":{"_acf_changed":false,"om_disable_all_campaigns":false,"_monsterinsights_skip_tracking":false,"_monsterinsights_sitenote_active":false,"_monsterinsights_sitenote_note":"","_monsterinsights_sitenote_category":0,"footnotes":""},"class_list":["post-4211","page","type-page","status-publish","hentry"],"acf":[],"aioseo_notices":[],"aioseo_head":"\n\t\t<!-- All in One SEO Pro 4.7.9 - aioseo.com -->\n\t\t<meta name=\"description\" content=\"Especialidades Catarata A Catarata \u00e9 a diminui\u00e7\u00e3o da transpar\u00eancia do cristalino (lente situada atr\u00e1s da \u00edris respons\u00e1vel por fazer a converg\u00eancia do raio de luz para a retina formar a imagem). Essa opacifica\u00e7\u00e3o do cristalino compromete a vis\u00e3o, deixando-a emba\u00e7ada, como se houvesse uma n\u00e9voa diante dos olhos.A evolu\u00e7\u00e3o da Catarata costuma ser lenta e pode afetar de\" \/>\n\t\t<meta name=\"robots\" content=\"max-image-preview:large\" \/>\n\t\t<link rel=\"canonical\" href=\"https:\/\/ronaldrocha.med.br\/index.php\/catarata\/\" \/>\n\t\t<meta name=\"generator\" content=\"All in One SEO Pro (AIOSEO) 4.7.9\" \/>\n\t\t<meta property=\"og:locale\" content=\"pt_BR\" \/>\n\t\t<meta property=\"og:site_name\" content=\"Ronald Rocha Oftalmologista - especialista em catarata e retina em feira de santana e regi\u00e3o\" \/>\n\t\t<meta property=\"og:type\" content=\"article\" \/>\n\t\t<meta property=\"og:title\" content=\"Catarata - Ronald Rocha Oftalmologista\" \/>\n\t\t<meta property=\"og:description\" content=\"Especialidades Catarata A Catarata \u00e9 a diminui\u00e7\u00e3o da transpar\u00eancia do cristalino (lente situada atr\u00e1s da \u00edris respons\u00e1vel por fazer a converg\u00eancia do raio de luz para a retina formar a imagem). Essa opacifica\u00e7\u00e3o do cristalino compromete a vis\u00e3o, deixando-a emba\u00e7ada, como se houvesse uma n\u00e9voa diante dos olhos.A evolu\u00e7\u00e3o da Catarata costuma ser lenta e pode afetar de\" \/>\n\t\t<meta property=\"og:url\" content=\"https:\/\/ronaldrocha.med.br\/index.php\/catarata\/\" \/>\n\t\t<meta property=\"article:published_time\" content=\"2024-02-10T23:03:25+00:00\" \/>\n\t\t<meta property=\"article:modified_time\" content=\"2024-02-12T22:55:57+00:00\" \/>\n\t\t<meta name=\"twitter:card\" content=\"summary_large_image\" \/>\n\t\t<meta name=\"twitter:title\" content=\"Catarata - Ronald Rocha Oftalmologista\" \/>\n\t\t<meta name=\"twitter:description\" content=\"Especialidades Catarata A Catarata \u00e9 a diminui\u00e7\u00e3o da transpar\u00eancia do cristalino (lente situada atr\u00e1s da \u00edris respons\u00e1vel por fazer a converg\u00eancia do raio de luz para a retina formar a imagem). Essa opacifica\u00e7\u00e3o do cristalino compromete a vis\u00e3o, deixando-a emba\u00e7ada, como se houvesse uma n\u00e9voa diante dos olhos.A evolu\u00e7\u00e3o da Catarata costuma ser lenta e pode afetar de\" \/>\n\t\t<script type=\"application\/ld+json\" class=\"aioseo-schema\">\n\t\t\t{\"@context\":\"https:\\\/\\\/schema.org\",\"@graph\":[{\"@type\":\"BreadcrumbList\",\"@id\":\"https:\\\/\\\/ronaldrocha.med.br\\\/index.php\\\/catarata\\\/#breadcrumblist\",\"itemListElement\":[{\"@type\":\"ListItem\",\"@id\":\"https:\\\/\\\/ronaldrocha.med.br\\\/#listItem\",\"position\":1,\"name\":\"Home\",\"item\":\"https:\\\/\\\/ronaldrocha.med.br\\\/\",\"nextItem\":\"https:\\\/\\\/ronaldrocha.med.br\\\/index.php\\\/catarata\\\/#listItem\"},{\"@type\":\"ListItem\",\"@id\":\"https:\\\/\\\/ronaldrocha.med.br\\\/index.php\\\/catarata\\\/#listItem\",\"position\":2,\"name\":\"Catarata\",\"previousItem\":\"https:\\\/\\\/ronaldrocha.med.br\\\/#listItem\"}]},{\"@type\":\"Organization\",\"@id\":\"https:\\\/\\\/ronaldrocha.med.br\\\/#organization\",\"name\":\"Ronald Rocha Oftalmologista\",\"description\":\"especialista em catarata e retina em feira de santana e regi\\u00e3o\",\"url\":\"https:\\\/\\\/ronaldrocha.med.br\\\/\"},{\"@type\":\"WebPage\",\"@id\":\"https:\\\/\\\/ronaldrocha.med.br\\\/index.php\\\/catarata\\\/#webpage\",\"url\":\"https:\\\/\\\/ronaldrocha.med.br\\\/index.php\\\/catarata\\\/\",\"name\":\"Catarata - Ronald Rocha Oftalmologista\",\"description\":\"Especialidades Catarata A Catarata \\u00e9 a diminui\\u00e7\\u00e3o da transpar\\u00eancia do cristalino (lente situada atr\\u00e1s da \\u00edris respons\\u00e1vel por fazer a converg\\u00eancia do raio de luz para a retina formar a imagem). Essa opacifica\\u00e7\\u00e3o do cristalino compromete a vis\\u00e3o, deixando-a emba\\u00e7ada, como se houvesse uma n\\u00e9voa diante dos olhos.A evolu\\u00e7\\u00e3o da Catarata costuma ser lenta e pode afetar de\",\"inLanguage\":\"pt-BR\",\"isPartOf\":{\"@id\":\"https:\\\/\\\/ronaldrocha.med.br\\\/#website\"},\"breadcrumb\":{\"@id\":\"https:\\\/\\\/ronaldrocha.med.br\\\/index.php\\\/catarata\\\/#breadcrumblist\"},\"datePublished\":\"2024-02-10T23:03:25+00:00\",\"dateModified\":\"2024-02-12T22:55:57+00:00\"},{\"@type\":\"WebSite\",\"@id\":\"https:\\\/\\\/ronaldrocha.med.br\\\/#website\",\"url\":\"https:\\\/\\\/ronaldrocha.med.br\\\/\",\"name\":\"Ronald Rocha Oftalmologista\",\"description\":\"especialista em catarata e retina em feira de santana e regi\\u00e3o\",\"inLanguage\":\"pt-BR\",\"publisher\":{\"@id\":\"https:\\\/\\\/ronaldrocha.med.br\\\/#organization\"}}]}\n\t\t<\/script>\n\t\t<!-- All in One SEO Pro -->\r\n\t\t<title>Catarata - Ronald Rocha Oftalmologista<\/title>\n\n","aioseo_head_json":{"title":"Catarata - Ronald Rocha Oftalmologista","description":"Especialidades Catarata A Catarata \u00e9 a diminui\u00e7\u00e3o da transpar\u00eancia do cristalino (lente situada atr\u00e1s da \u00edris respons\u00e1vel por fazer a converg\u00eancia do raio de luz para a retina formar a imagem). Essa opacifica\u00e7\u00e3o do cristalino compromete a vis\u00e3o, deixando-a emba\u00e7ada, como se houvesse uma n\u00e9voa diante dos olhos.A evolu\u00e7\u00e3o da Catarata costuma ser lenta e pode afetar de","canonical_url":"https:\/\/ronaldrocha.med.br\/index.php\/catarata\/","robots":"max-image-preview:large","keywords":"","webmasterTools":{"miscellaneous":""},"og:locale":"pt_BR","og:site_name":"Ronald Rocha Oftalmologista - especialista em catarata e retina em feira de santana e regi\u00e3o","og:type":"article","og:title":"Catarata - Ronald Rocha Oftalmologista","og:description":"Especialidades Catarata A Catarata \u00e9 a diminui\u00e7\u00e3o da transpar\u00eancia do cristalino (lente situada atr\u00e1s da \u00edris respons\u00e1vel por fazer a converg\u00eancia do raio de luz para a retina formar a imagem). Essa opacifica\u00e7\u00e3o do cristalino compromete a vis\u00e3o, deixando-a emba\u00e7ada, como se houvesse uma n\u00e9voa diante dos olhos.A evolu\u00e7\u00e3o da Catarata costuma ser lenta e pode afetar de","og:url":"https:\/\/ronaldrocha.med.br\/index.php\/catarata\/","article:published_time":"2024-02-10T23:03:25+00:00","article:modified_time":"2024-02-12T22:55:57+00:00","twitter:card":"summary_large_image","twitter:title":"Catarata - Ronald Rocha Oftalmologista","twitter:description":"Especialidades Catarata A Catarata \u00e9 a diminui\u00e7\u00e3o da transpar\u00eancia do cristalino (lente situada atr\u00e1s da \u00edris respons\u00e1vel por fazer a converg\u00eancia do raio de luz para a retina formar a imagem). Essa opacifica\u00e7\u00e3o do cristalino compromete a vis\u00e3o, deixando-a emba\u00e7ada, como se houvesse uma n\u00e9voa diante dos olhos.A evolu\u00e7\u00e3o da Catarata costuma ser lenta e pode afetar de","schema":{"@context":"https:\/\/schema.org","@graph":[{"@type":"BreadcrumbList","@id":"https:\/\/ronaldrocha.med.br\/index.php\/catarata\/#breadcrumblist","itemListElement":[{"@type":"ListItem","@id":"https:\/\/ronaldrocha.med.br\/#listItem","position":1,"name":"Home","item":"https:\/\/ronaldrocha.med.br\/","nextItem":"https:\/\/ronaldrocha.med.br\/index.php\/catarata\/#listItem"},{"@type":"ListItem","@id":"https:\/\/ronaldrocha.med.br\/index.php\/catarata\/#listItem","position":2,"name":"Catarata","previousItem":"https:\/\/ronaldrocha.med.br\/#listItem"}]},{"@type":"Organization","@id":"https:\/\/ronaldrocha.med.br\/#organization","name":"Ronald Rocha Oftalmologista","description":"especialista em catarata e retina em feira de santana e regi\u00e3o","url":"https:\/\/ronaldrocha.med.br\/"},{"@type":"WebPage","@id":"https:\/\/ronaldrocha.med.br\/index.php\/catarata\/#webpage","url":"https:\/\/ronaldrocha.med.br\/index.php\/catarata\/","name":"Catarata - Ronald Rocha Oftalmologista","description":"Especialidades Catarata A Catarata \u00e9 a diminui\u00e7\u00e3o da transpar\u00eancia do cristalino (lente situada atr\u00e1s da \u00edris respons\u00e1vel por fazer a converg\u00eancia do raio de luz para a retina formar a imagem). Essa opacifica\u00e7\u00e3o do cristalino compromete a vis\u00e3o, deixando-a emba\u00e7ada, como se houvesse uma n\u00e9voa diante dos olhos.A evolu\u00e7\u00e3o da Catarata costuma ser lenta e pode afetar de","inLanguage":"pt-BR","isPartOf":{"@id":"https:\/\/ronaldrocha.med.br\/#website"},"breadcrumb":{"@id":"https:\/\/ronaldrocha.med.br\/index.php\/catarata\/#breadcrumblist"},"datePublished":"2024-02-10T23:03:25+00:00","dateModified":"2024-02-12T22:55:57+00:00"},{"@type":"WebSite","@id":"https:\/\/ronaldrocha.med.br\/#website","url":"https:\/\/ronaldrocha.med.br\/","name":"Ronald Rocha Oftalmologista","description":"especialista em catarata e retina em feira de santana e regi\u00e3o","inLanguage":"pt-BR","publisher":{"@id":"https:\/\/ronaldrocha.med.br\/#organization"}}]}},"aioseo_meta_data":{"post_id":"4211","title":null,"description":null,"keywords":null,"keyphrases":null,"primary_term":null,"canonical_url":null,"og_title":null,"og_description":null,"og_object_type":"default","og_image_type":"default","og_image_url":null,"og_image_width":null,"og_image_height":null,"og_image_custom_url":null,"og_image_custom_fields":null,"og_video":null,"og_custom_url":null,"og_article_section":null,"og_article_tags":null,"twitter_use_og":false,"twitter_card":"default","twitter_image_type":"default","twitter_image_url":null,"twitter_image_custom_url":null,"twitter_image_custom_fields":null,"twitter_title":null,"twitter_description":null,"schema":{"blockGraphs":[],"customGraphs":[],"default":{"data":{"Article":[],"Course":[],"Dataset":[],"FAQPage":[],"Movie":[],"Person":[],"Product":[],"ProductReview":[],"Car":[],"Recipe":[],"Service":[],"SoftwareApplication":[],"WebPage":[]},"graphName":"","isEnabled":true},"graphs":[]},"schema_type":"default","schema_type_options":null,"pillar_content":false,"robots_default":true,"robots_noindex":false,"robots_noarchive":false,"robots_nosnippet":false,"robots_nofollow":false,"robots_noimageindex":false,"robots_noodp":false,"robots_notranslate":false,"robots_max_snippet":null,"robots_max_videopreview":null,"robots_max_imagepreview":"large","priority":null,"frequency":null,"local_seo":null,"breadcrumb_settings":null,"limit_modified_date":false,"open_ai":null,"created":"2025-08-02 19:49:05","updated":"2025-08-03 11:57:02"},"aioseo_breadcrumb":"<div class=\"aioseo-breadcrumbs\"><span class=\"aioseo-breadcrumb\">\n\t<a href=\"https:\/\/ronaldrocha.med.br\" title=\"Home\">Home<\/a>\n<\/span><span class=\"aioseo-breadcrumb-separator\">&raquo;<\/span><span class=\"aioseo-breadcrumb\">\n\tCatarata\n<\/span><\/div>","aioseo_breadcrumb_json":[{"label":"Home","link":"https:\/\/ronaldrocha.med.br"},{"label":"Catarata","link":"https:\/\/ronaldrocha.med.br\/index.php\/catarata\/"}],"_links":{"self":[{"href":"https:\/\/ronaldrocha.med.br\/index.php\/wp-json\/wp\/v2\/pages\/4211","targetHints":{"allow":["GET"]}}],"collection":[{"href":"https:\/\/ronaldrocha.med.br\/index.php\/wp-json\/wp\/v2\/pages"}],"about":[{"href":"https:\/\/ronaldrocha.med.br\/index.php\/wp-json\/wp\/v2\/types\/page"}],"author":[{"embeddable":true,"href":"https:\/\/ronaldrocha.med.br\/index.php\/wp-json\/wp\/v2\/users\/1"}],"replies":[{"embeddable":true,"href":"https:\/\/ronaldrocha.med.br\/index.php\/wp-json\/wp\/v2\/comments?post=4211"}],"version-history":[{"count":16,"href":"https:\/\/ronaldrocha.med.br\/index.php\/wp-json\/wp\/v2\/pages\/4211\/revisions"}],"predecessor-version":[{"id":4357,"href":"https:\/\/ronaldrocha.med.br\/index.php\/wp-json\/wp\/v2\/pages\/4211\/revisions\/4357"}],"wp:attachment":[{"href":"https:\/\/ronaldrocha.med.br\/index.php\/wp-json\/wp\/v2\/media?parent=4211"}],"curies":[{"name":"wp","href":"https:\/\/api.w.org\/{rel}","templated":true}]}}