{"id":4179,"date":"2024-02-10T20:45:38","date_gmt":"2024-02-10T20:45:38","guid":{"rendered":"https:\/\/ronaldrocha.med.br\/?page_id=4179"},"modified":"2024-02-12T22:50:48","modified_gmt":"2024-02-12T22:50:48","slug":"especialidades","status":"publish","type":"page","link":"https:\/\/ronaldrocha.med.br\/index.php\/especialidades\/","title":{"rendered":"Especialidades"},"content":{"rendered":"\t\t<div data-elementor-type=\"wp-page\" data-elementor-id=\"4179\" class=\"elementor elementor-4179\">\n\t\t\t\t<div class=\"elementor-element elementor-element-d6fa7dc e-flex e-con-boxed e-con e-parent\" data-id=\"d6fa7dc\" data-element_type=\"container\" data-settings=\"{&quot;background_background&quot;:&quot;classic&quot;,&quot;content_width&quot;:&quot;boxed&quot;}\" data-core-v316-plus=\"true\">\n\t\t\t\t\t<div class=\"e-con-inner\">\n\t\t\t\t<div class=\"elementor-element elementor-element-9155428 elementor-widget elementor-widget-heading\" data-id=\"9155428\" data-element_type=\"widget\" data-widget_type=\"heading.default\">\n\t\t\t\t<div class=\"elementor-widget-container\">\n\t\t\t<style>\/*! elementor - v3.19.0 - 07-02-2024 *\/\n.elementor-heading-title{padding:0;margin:0;line-height:1}.elementor-widget-heading .elementor-heading-title[class*=elementor-size-]>a{color:inherit;font-size:inherit;line-height:inherit}.elementor-widget-heading .elementor-heading-title.elementor-size-small{font-size:15px}.elementor-widget-heading .elementor-heading-title.elementor-size-medium{font-size:19px}.elementor-widget-heading .elementor-heading-title.elementor-size-large{font-size:29px}.elementor-widget-heading .elementor-heading-title.elementor-size-xl{font-size:39px}.elementor-widget-heading .elementor-heading-title.elementor-size-xxl{font-size:59px}<\/style><h4 class=\"elementor-heading-title elementor-size-default\">Especialidades<\/h4>\t\t<\/div>\n\t\t\t\t<\/div>\n\t\t\t\t\t<\/div>\n\t\t\t\t<\/div>\n\t\t\t\t<section class=\"elementor-section elementor-top-section elementor-element elementor-element-0554af4 elementor-section-boxed elementor-section-height-default elementor-section-height-default\" data-id=\"0554af4\" data-element_type=\"section\" data-settings=\"{&quot;background_background&quot;:&quot;classic&quot;}\">\n\t\t\t\t\t\t<div class=\"elementor-container elementor-column-gap-default\">\n\t\t\t\t\t<div class=\"elementor-column elementor-col-50 elementor-top-column elementor-element elementor-element-3ae212d\" data-id=\"3ae212d\" data-element_type=\"column\">\n\t\t\t<div class=\"elementor-widget-wrap elementor-element-populated\">\n\t\t\t\t\t\t<div class=\"elementor-element elementor-element-0cacae2 elementor-widget elementor-widget-image\" data-id=\"0cacae2\" data-element_type=\"widget\" data-widget_type=\"image.default\">\n\t\t\t\t<div class=\"elementor-widget-container\">\n\t\t\t<style>\/*! elementor - v3.19.0 - 07-02-2024 *\/\n.elementor-widget-image{text-align:center}.elementor-widget-image a{display:inline-block}.elementor-widget-image a img[src$=\".svg\"]{width:48px}.elementor-widget-image img{vertical-align:middle;display:inline-block}<\/style>\t\t\t\t\t\t\t\t\t\t<img fetchpriority=\"high\" decoding=\"async\" width=\"1170\" height=\"1088\" src=\"https:\/\/ronaldrocha.med.br\/wp-content\/uploads\/2024\/02\/WhatsApp-Image-2024-02-09-at-22.59.13.jpeg\" class=\"attachment-full size-full wp-image-4205\" alt=\"\" srcset=\"https:\/\/ronaldrocha.med.br\/wp-content\/uploads\/2024\/02\/WhatsApp-Image-2024-02-09-at-22.59.13.jpeg 1170w, https:\/\/ronaldrocha.med.br\/wp-content\/uploads\/2024\/02\/WhatsApp-Image-2024-02-09-at-22.59.13-300x279.jpeg 300w, https:\/\/ronaldrocha.med.br\/wp-content\/uploads\/2024\/02\/WhatsApp-Image-2024-02-09-at-22.59.13-1024x952.jpeg 1024w, https:\/\/ronaldrocha.med.br\/wp-content\/uploads\/2024\/02\/WhatsApp-Image-2024-02-09-at-22.59.13-768x714.jpeg 768w, https:\/\/ronaldrocha.med.br\/wp-content\/uploads\/2024\/02\/WhatsApp-Image-2024-02-09-at-22.59.13-70x65.jpeg 70w, https:\/\/ronaldrocha.med.br\/wp-content\/uploads\/2024\/02\/WhatsApp-Image-2024-02-09-at-22.59.13-600x558.jpeg 600w\" sizes=\"(max-width: 1170px) 100vw, 1170px\" \/>\t\t\t\t\t\t\t\t\t\t\t\t\t<\/div>\n\t\t\t\t<\/div>\n\t\t\t\t\t<\/div>\n\t\t<\/div>\n\t\t\t\t<div class=\"elementor-column elementor-col-50 elementor-top-column elementor-element elementor-element-63cb8b1\" data-id=\"63cb8b1\" data-element_type=\"column\">\n\t\t\t<div class=\"elementor-widget-wrap elementor-element-populated\">\n\t\t\t\t\t\t<div class=\"elementor-element elementor-element-ae0b5fc elementor-widget elementor-widget-heading\" data-id=\"ae0b5fc\" data-element_type=\"widget\" data-widget_type=\"heading.default\">\n\t\t\t\t<div class=\"elementor-widget-container\">\n\t\t\t<h4 class=\"elementor-heading-title elementor-size-default\">Oftalmologia Geral<\/h4>\t\t<\/div>\n\t\t\t\t<\/div>\n\t\t\t\t<div class=\"elementor-element elementor-element-8122143 elementor-widget elementor-widget-text-editor\" data-id=\"8122143\" data-element_type=\"widget\" data-widget_type=\"text-editor.default\">\n\t\t\t\t<div class=\"elementor-widget-container\">\n\t\t\t<style>\/*! elementor - v3.19.0 - 07-02-2024 *\/\n.elementor-widget-text-editor.elementor-drop-cap-view-stacked .elementor-drop-cap{background-color:#69727d;color:#fff}.elementor-widget-text-editor.elementor-drop-cap-view-framed .elementor-drop-cap{color:#69727d;border:3px solid;background-color:transparent}.elementor-widget-text-editor:not(.elementor-drop-cap-view-default) .elementor-drop-cap{margin-top:8px}.elementor-widget-text-editor:not(.elementor-drop-cap-view-default) .elementor-drop-cap-letter{width:1em;height:1em}.elementor-widget-text-editor .elementor-drop-cap{float:left;text-align:center;line-height:1;font-size:50px}.elementor-widget-text-editor .elementor-drop-cap-letter{display:inline-block}<\/style>\t\t\t\t<p>A\u00a0<strong>Oftalmologia Geral<\/strong>\u00a0\u00e9 a especialidade que que se dedica ao tratamento das doen\u00e7as oculares n\u00e3o cir\u00fargicas e erros de refra\u00e7\u00e3o apresentados pelo olho. Geralmente as consultas envolvem a avalia\u00e7\u00e3o da refra\u00e7\u00e3o (ou grau de vis\u00e3o), do fundo do olho e da medida da press\u00e3o ocular.<\/p><p>Caso o oftalmologista perceba algum fator que mere\u00e7a maior aten\u00e7\u00e3o, ele pode solicitar exames mais detalhados e, se necess\u00e1rio, encaminhar o paciente para um outro especialista da \u00e1rea oftalmol\u00f3gica. Mesmo para casos assintom\u00e1ticos, as consultas devem ser anuais ou no per\u00edodo solicitado pelo m\u00e9dico.<\/p><h6>Alguns dos tipos de Defici\u00eancias Visuais analisadas na avalia\u00e7\u00e3o da refra\u00e7\u00e3o<\/h6><h6>Miopia<\/h6><p>A Miopia \u00e9 a dificuldade de enxergar de longe. Este dist\u00farbio \u00e9 causado por conta do globo ocular ser \u201cmais longo\u201d, provocando a forma\u00e7\u00e3o da imagem antes que a luz chegue at\u00e9 a Retina.<\/p><h6>Hipermetropia<\/h6><p>A Hipermetropia, contr\u00e1ria \u00e0 Miopia, \u00e9 a dificuldade de enxergar imagens mais pr\u00f3ximas e \u00e9 causada por conta do olho ser menor do que o normal, fazendo com que a imagem se forme ap\u00f3s a Retina<\/p><h6>Astigmastismo<\/h6><p>O Astigmatismo \u00e9 um dist\u00farbio que ocorre quando se tem irregularidades na superf\u00edcie da C\u00f3rnea, fazendo com que a luz sofra desvios e forme a imagem em diversos pontos do olho. Este dist\u00farbio \u00e9 caracterizado pela dificuldade da pessoa em enxergar de perto e tamb\u00e9m de longe.<\/p>\t\t\t\t\t\t<\/div>\n\t\t\t\t<\/div>\n\t\t\t\t\t<\/div>\n\t\t<\/div>\n\t\t\t\t\t<\/div>\n\t\t<\/section>\n\t\t\t\t<\/div>\n\t\t","protected":false},"excerpt":{"rendered":"<p>Especialidades Oftalmologia Geral A\u00a0Oftalmologia Geral\u00a0\u00e9 a especialidade que que se dedica ao tratamento das doen\u00e7as oculares n\u00e3o cir\u00fargicas e erros de refra\u00e7\u00e3o apresentados pelo olho. Geralmente as consultas envolvem a avalia\u00e7\u00e3o da refra\u00e7\u00e3o (ou grau de vis\u00e3o), do fundo do olho e da medida da press\u00e3o ocular. Caso o oftalmologista perceba algum fator que mere\u00e7a [&hellip;]<\/p>\n","protected":false},"author":1,"featured_media":0,"parent":0,"menu_order":0,"comment_status":"closed","ping_status":"closed","template":"template-landing.php","meta":{"_acf_changed":false,"om_disable_all_campaigns":false,"_monsterinsights_skip_tracking":false,"_monsterinsights_sitenote_active":false,"_monsterinsights_sitenote_note":"","_monsterinsights_sitenote_category":0,"footnotes":""},"class_list":["post-4179","page","type-page","status-publish","hentry"],"acf":[],"aioseo_notices":[],"aioseo_head":"\n\t\t<!-- All in One SEO Pro 4.7.9 - aioseo.com -->\n\t\t<meta name=\"description\" content=\"Especialidades Oftalmologia Geral A Oftalmologia Geral \u00e9 a especialidade que que se dedica ao tratamento das doen\u00e7as oculares n\u00e3o cir\u00fargicas e erros de refra\u00e7\u00e3o apresentados pelo olho. Geralmente as consultas envolvem a avalia\u00e7\u00e3o da refra\u00e7\u00e3o (ou grau de vis\u00e3o), do fundo do olho e da medida da press\u00e3o ocular.Caso o oftalmologista perceba algum fator que mere\u00e7a maior\" \/>\n\t\t<meta name=\"robots\" content=\"max-image-preview:large\" \/>\n\t\t<link rel=\"canonical\" href=\"https:\/\/ronaldrocha.med.br\/index.php\/especialidades\/\" \/>\n\t\t<meta name=\"generator\" content=\"All in One SEO Pro (AIOSEO) 4.7.9\" \/>\n\t\t<meta property=\"og:locale\" content=\"pt_BR\" \/>\n\t\t<meta property=\"og:site_name\" content=\"Ronald Rocha Oftalmologista - especialista em catarata e retina em feira de santana e regi\u00e3o\" \/>\n\t\t<meta property=\"og:type\" content=\"article\" \/>\n\t\t<meta property=\"og:title\" content=\"Especialidades - Ronald Rocha Oftalmologista\" \/>\n\t\t<meta property=\"og:description\" content=\"Especialidades Oftalmologia Geral A Oftalmologia Geral \u00e9 a especialidade que que se dedica ao tratamento das doen\u00e7as oculares n\u00e3o cir\u00fargicas e erros de refra\u00e7\u00e3o apresentados pelo olho. Geralmente as consultas envolvem a avalia\u00e7\u00e3o da refra\u00e7\u00e3o (ou grau de vis\u00e3o), do fundo do olho e da medida da press\u00e3o ocular.Caso o oftalmologista perceba algum fator que mere\u00e7a maior\" \/>\n\t\t<meta property=\"og:url\" content=\"https:\/\/ronaldrocha.med.br\/index.php\/especialidades\/\" \/>\n\t\t<meta property=\"article:published_time\" content=\"2024-02-10T20:45:38+00:00\" \/>\n\t\t<meta property=\"article:modified_time\" content=\"2024-02-12T22:50:48+00:00\" \/>\n\t\t<meta name=\"twitter:card\" content=\"summary_large_image\" \/>\n\t\t<meta name=\"twitter:title\" content=\"Especialidades - Ronald Rocha Oftalmologista\" \/>\n\t\t<meta name=\"twitter:description\" content=\"Especialidades Oftalmologia Geral A Oftalmologia Geral \u00e9 a especialidade que que se dedica ao tratamento das doen\u00e7as oculares n\u00e3o cir\u00fargicas e erros de refra\u00e7\u00e3o apresentados pelo olho. Geralmente as consultas envolvem a avalia\u00e7\u00e3o da refra\u00e7\u00e3o (ou grau de vis\u00e3o), do fundo do olho e da medida da press\u00e3o ocular.Caso o oftalmologista perceba algum fator que mere\u00e7a maior\" \/>\n\t\t<script type=\"application\/ld+json\" class=\"aioseo-schema\">\n\t\t\t{\"@context\":\"https:\\\/\\\/schema.org\",\"@graph\":[{\"@type\":\"BreadcrumbList\",\"@id\":\"https:\\\/\\\/ronaldrocha.med.br\\\/index.php\\\/especialidades\\\/#breadcrumblist\",\"itemListElement\":[{\"@type\":\"ListItem\",\"@id\":\"https:\\\/\\\/ronaldrocha.med.br\\\/#listItem\",\"position\":1,\"name\":\"Home\",\"item\":\"https:\\\/\\\/ronaldrocha.med.br\\\/\",\"nextItem\":\"https:\\\/\\\/ronaldrocha.med.br\\\/index.php\\\/especialidades\\\/#listItem\"},{\"@type\":\"ListItem\",\"@id\":\"https:\\\/\\\/ronaldrocha.med.br\\\/index.php\\\/especialidades\\\/#listItem\",\"position\":2,\"name\":\"Especialidades\",\"previousItem\":\"https:\\\/\\\/ronaldrocha.med.br\\\/#listItem\"}]},{\"@type\":\"Organization\",\"@id\":\"https:\\\/\\\/ronaldrocha.med.br\\\/#organization\",\"name\":\"Ronald Rocha Oftalmologista\",\"description\":\"especialista em catarata e retina em feira de santana e regi\\u00e3o\",\"url\":\"https:\\\/\\\/ronaldrocha.med.br\\\/\"},{\"@type\":\"WebPage\",\"@id\":\"https:\\\/\\\/ronaldrocha.med.br\\\/index.php\\\/especialidades\\\/#webpage\",\"url\":\"https:\\\/\\\/ronaldrocha.med.br\\\/index.php\\\/especialidades\\\/\",\"name\":\"Especialidades - Ronald Rocha Oftalmologista\",\"description\":\"Especialidades Oftalmologia Geral A Oftalmologia Geral \\u00e9 a especialidade que que se dedica ao tratamento das doen\\u00e7as oculares n\\u00e3o cir\\u00fargicas e erros de refra\\u00e7\\u00e3o apresentados pelo olho. Geralmente as consultas envolvem a avalia\\u00e7\\u00e3o da refra\\u00e7\\u00e3o (ou grau de vis\\u00e3o), do fundo do olho e da medida da press\\u00e3o ocular.Caso o oftalmologista perceba algum fator que mere\\u00e7a maior\",\"inLanguage\":\"pt-BR\",\"isPartOf\":{\"@id\":\"https:\\\/\\\/ronaldrocha.med.br\\\/#website\"},\"breadcrumb\":{\"@id\":\"https:\\\/\\\/ronaldrocha.med.br\\\/index.php\\\/especialidades\\\/#breadcrumblist\"},\"datePublished\":\"2024-02-10T20:45:38+00:00\",\"dateModified\":\"2024-02-12T22:50:48+00:00\"},{\"@type\":\"WebSite\",\"@id\":\"https:\\\/\\\/ronaldrocha.med.br\\\/#website\",\"url\":\"https:\\\/\\\/ronaldrocha.med.br\\\/\",\"name\":\"Ronald Rocha Oftalmologista\",\"description\":\"especialista em catarata e retina em feira de santana e regi\\u00e3o\",\"inLanguage\":\"pt-BR\",\"publisher\":{\"@id\":\"https:\\\/\\\/ronaldrocha.med.br\\\/#organization\"}}]}\n\t\t<\/script>\n\t\t<!-- All in One SEO Pro -->\r\n\t\t<title>Especialidades - Ronald Rocha Oftalmologista<\/title>\n\n","aioseo_head_json":{"title":"Especialidades - Ronald Rocha Oftalmologista","description":"Especialidades Oftalmologia Geral A Oftalmologia Geral \u00e9 a especialidade que que se dedica ao tratamento das doen\u00e7as oculares n\u00e3o cir\u00fargicas e erros de refra\u00e7\u00e3o apresentados pelo olho. Geralmente as consultas envolvem a avalia\u00e7\u00e3o da refra\u00e7\u00e3o (ou grau de vis\u00e3o), do fundo do olho e da medida da press\u00e3o ocular.Caso o oftalmologista perceba algum fator que mere\u00e7a maior","canonical_url":"https:\/\/ronaldrocha.med.br\/index.php\/especialidades\/","robots":"max-image-preview:large","keywords":"","webmasterTools":{"miscellaneous":""},"og:locale":"pt_BR","og:site_name":"Ronald Rocha Oftalmologista - especialista em catarata e retina em feira de santana e regi\u00e3o","og:type":"article","og:title":"Especialidades - Ronald Rocha Oftalmologista","og:description":"Especialidades Oftalmologia Geral A Oftalmologia Geral \u00e9 a especialidade que que se dedica ao tratamento das doen\u00e7as oculares n\u00e3o cir\u00fargicas e erros de refra\u00e7\u00e3o apresentados pelo olho. Geralmente as consultas envolvem a avalia\u00e7\u00e3o da refra\u00e7\u00e3o (ou grau de vis\u00e3o), do fundo do olho e da medida da press\u00e3o ocular.Caso o oftalmologista perceba algum fator que mere\u00e7a maior","og:url":"https:\/\/ronaldrocha.med.br\/index.php\/especialidades\/","article:published_time":"2024-02-10T20:45:38+00:00","article:modified_time":"2024-02-12T22:50:48+00:00","twitter:card":"summary_large_image","twitter:title":"Especialidades - Ronald Rocha Oftalmologista","twitter:description":"Especialidades Oftalmologia Geral A Oftalmologia Geral \u00e9 a especialidade que que se dedica ao tratamento das doen\u00e7as oculares n\u00e3o cir\u00fargicas e erros de refra\u00e7\u00e3o apresentados pelo olho. Geralmente as consultas envolvem a avalia\u00e7\u00e3o da refra\u00e7\u00e3o (ou grau de vis\u00e3o), do fundo do olho e da medida da press\u00e3o ocular.Caso o oftalmologista perceba algum fator que mere\u00e7a maior","schema":{"@context":"https:\/\/schema.org","@graph":[{"@type":"BreadcrumbList","@id":"https:\/\/ronaldrocha.med.br\/index.php\/especialidades\/#breadcrumblist","itemListElement":[{"@type":"ListItem","@id":"https:\/\/ronaldrocha.med.br\/#listItem","position":1,"name":"Home","item":"https:\/\/ronaldrocha.med.br\/","nextItem":"https:\/\/ronaldrocha.med.br\/index.php\/especialidades\/#listItem"},{"@type":"ListItem","@id":"https:\/\/ronaldrocha.med.br\/index.php\/especialidades\/#listItem","position":2,"name":"Especialidades","previousItem":"https:\/\/ronaldrocha.med.br\/#listItem"}]},{"@type":"Organization","@id":"https:\/\/ronaldrocha.med.br\/#organization","name":"Ronald Rocha Oftalmologista","description":"especialista em catarata e retina em feira de santana e regi\u00e3o","url":"https:\/\/ronaldrocha.med.br\/"},{"@type":"WebPage","@id":"https:\/\/ronaldrocha.med.br\/index.php\/especialidades\/#webpage","url":"https:\/\/ronaldrocha.med.br\/index.php\/especialidades\/","name":"Especialidades - Ronald Rocha Oftalmologista","description":"Especialidades Oftalmologia Geral A Oftalmologia Geral \u00e9 a especialidade que que se dedica ao tratamento das doen\u00e7as oculares n\u00e3o cir\u00fargicas e erros de refra\u00e7\u00e3o apresentados pelo olho. Geralmente as consultas envolvem a avalia\u00e7\u00e3o da refra\u00e7\u00e3o (ou grau de vis\u00e3o), do fundo do olho e da medida da press\u00e3o ocular.Caso o oftalmologista perceba algum fator que mere\u00e7a maior","inLanguage":"pt-BR","isPartOf":{"@id":"https:\/\/ronaldrocha.med.br\/#website"},"breadcrumb":{"@id":"https:\/\/ronaldrocha.med.br\/index.php\/especialidades\/#breadcrumblist"},"datePublished":"2024-02-10T20:45:38+00:00","dateModified":"2024-02-12T22:50:48+00:00"},{"@type":"WebSite","@id":"https:\/\/ronaldrocha.med.br\/#website","url":"https:\/\/ronaldrocha.med.br\/","name":"Ronald Rocha Oftalmologista","description":"especialista em catarata e retina em feira de santana e regi\u00e3o","inLanguage":"pt-BR","publisher":{"@id":"https:\/\/ronaldrocha.med.br\/#organization"}}]}},"aioseo_meta_data":{"post_id":"4179","title":null,"description":null,"keywords":null,"keyphrases":null,"primary_term":null,"canonical_url":null,"og_title":null,"og_description":null,"og_object_type":"default","og_image_type":"default","og_image_url":null,"og_image_width":null,"og_image_height":null,"og_image_custom_url":null,"og_image_custom_fields":null,"og_video":null,"og_custom_url":null,"og_article_section":null,"og_article_tags":null,"twitter_use_og":false,"twitter_card":"default","twitter_image_type":"default","twitter_image_url":null,"twitter_image_custom_url":null,"twitter_image_custom_fields":null,"twitter_title":null,"twitter_description":null,"schema":{"blockGraphs":[],"customGraphs":[],"default":{"data":{"Article":[],"Course":[],"Dataset":[],"FAQPage":[],"Movie":[],"Person":[],"Product":[],"ProductReview":[],"Car":[],"Recipe":[],"Service":[],"SoftwareApplication":[],"WebPage":[]},"graphName":"","isEnabled":true},"graphs":[]},"schema_type":"default","schema_type_options":null,"pillar_content":false,"robots_default":true,"robots_noindex":false,"robots_noarchive":false,"robots_nosnippet":false,"robots_nofollow":false,"robots_noimageindex":false,"robots_noodp":false,"robots_notranslate":false,"robots_max_snippet":null,"robots_max_videopreview":null,"robots_max_imagepreview":"large","priority":null,"frequency":null,"local_seo":null,"breadcrumb_settings":null,"limit_modified_date":false,"open_ai":null,"created":"2025-08-02 19:49:05","updated":"2025-08-03 11:57:02"},"aioseo_breadcrumb":"<div class=\"aioseo-breadcrumbs\"><span class=\"aioseo-breadcrumb\">\n\t<a href=\"https:\/\/ronaldrocha.med.br\" title=\"Home\">Home<\/a>\n<\/span><span class=\"aioseo-breadcrumb-separator\">&raquo;<\/span><span class=\"aioseo-breadcrumb\">\n\tEspecialidades\n<\/span><\/div>","aioseo_breadcrumb_json":[{"label":"Home","link":"https:\/\/ronaldrocha.med.br"},{"label":"Especialidades","link":"https:\/\/ronaldrocha.med.br\/index.php\/especialidades\/"}],"_links":{"self":[{"href":"https:\/\/ronaldrocha.med.br\/index.php\/wp-json\/wp\/v2\/pages\/4179","targetHints":{"allow":["GET"]}}],"collection":[{"href":"https:\/\/ronaldrocha.med.br\/index.php\/wp-json\/wp\/v2\/pages"}],"about":[{"href":"https:\/\/ronaldrocha.med.br\/index.php\/wp-json\/wp\/v2\/types\/page"}],"author":[{"embeddable":true,"href":"https:\/\/ronaldrocha.med.br\/index.php\/wp-json\/wp\/v2\/users\/1"}],"replies":[{"embeddable":true,"href":"https:\/\/ronaldrocha.med.br\/index.php\/wp-json\/wp\/v2\/comments?post=4179"}],"version-history":[{"count":10,"href":"https:\/\/ronaldrocha.med.br\/index.php\/wp-json\/wp\/v2\/pages\/4179\/revisions"}],"predecessor-version":[{"id":4348,"href":"https:\/\/ronaldrocha.med.br\/index.php\/wp-json\/wp\/v2\/pages\/4179\/revisions\/4348"}],"wp:attachment":[{"href":"https:\/\/ronaldrocha.med.br\/index.php\/wp-json\/wp\/v2\/media?parent=4179"}],"curies":[{"name":"wp","href":"https:\/\/api.w.org\/{rel}","templated":true}]}}