{"id":2886,"date":"2021-06-21T13:43:34","date_gmt":"2021-06-21T13:43:34","guid":{"rendered":"https:\/\/promo-theme.com\/novo\/?page_id=2886"},"modified":"2024-02-10T13:19:53","modified_gmt":"2024-02-10T13:19:53","slug":"dicas-de-saude","status":"publish","type":"page","link":"https:\/\/ronaldrocha.med.br\/index.php\/dicas-de-saude\/","title":{"rendered":"Dicas de Sa\u00fade"},"content":{"rendered":"\t\t<div data-elementor-type=\"wp-page\" data-elementor-id=\"2886\" class=\"elementor elementor-2886\">\n\t\t\t\t<div class=\"elementor-element elementor-element-5dcc806 e-flex e-con-boxed e-con e-parent\" data-id=\"5dcc806\" data-element_type=\"container\" data-settings=\"{&quot;background_background&quot;:&quot;classic&quot;,&quot;content_width&quot;:&quot;boxed&quot;}\" data-core-v316-plus=\"true\">\n\t\t\t\t\t<div class=\"e-con-inner\">\n\t\t\t\t<div class=\"elementor-element elementor-element-336230b elementor-widget elementor-widget-heading\" data-id=\"336230b\" data-element_type=\"widget\" data-widget_type=\"heading.default\">\n\t\t\t\t<div class=\"elementor-widget-container\">\n\t\t\t<style>\/*! elementor - v3.19.0 - 07-02-2024 *\/\n.elementor-heading-title{padding:0;margin:0;line-height:1}.elementor-widget-heading .elementor-heading-title[class*=elementor-size-]>a{color:inherit;font-size:inherit;line-height:inherit}.elementor-widget-heading .elementor-heading-title.elementor-size-small{font-size:15px}.elementor-widget-heading .elementor-heading-title.elementor-size-medium{font-size:19px}.elementor-widget-heading .elementor-heading-title.elementor-size-large{font-size:29px}.elementor-widget-heading .elementor-heading-title.elementor-size-xl{font-size:39px}.elementor-widget-heading .elementor-heading-title.elementor-size-xxl{font-size:59px}<\/style><h2 class=\"elementor-heading-title elementor-size-default\">Dicas de Sa\u00fade<\/h2>\t\t<\/div>\n\t\t\t\t<\/div>\n\t\t\t\t\t<\/div>\n\t\t\t\t<\/div>\n\t\t\t\t<section class=\"elementor-section elementor-top-section elementor-element elementor-element-562d031 elementor-section-boxed elementor-section-height-default elementor-section-height-default\" data-id=\"562d031\" data-element_type=\"section\">\n\t\t\t\t\t\t<div class=\"elementor-container elementor-column-gap-default\">\n\t\t\t\t\t<div class=\"elementor-column elementor-col-100 elementor-top-column elementor-element elementor-element-fc595b8\" data-id=\"fc595b8\" data-element_type=\"column\">\n\t\t\t<div class=\"elementor-widget-wrap elementor-element-populated\">\n\t\t\t\t\t\t<div class=\"elementor-element elementor-element-13269a2 elementor-widget elementor-widget-yprm_blog\" data-id=\"13269a2\" data-element_type=\"widget\" data-settings=\"{&quot;cols_xs&quot;:1,&quot;cols_sm&quot;:1,&quot;cols_md&quot;:2,&quot;type&quot;:&quot;grid&quot;}\" data-widget_type=\"yprm_blog.default\">\n\t\t\t\t<div class=\"elementor-widget-container\">\n\t\t\t\r\n\t\t<div class=\"blog-block elementor-block\">\r\n\t\t\t\t\t\t<div class=\"isotope row blog-type-grid load-wrap blog-items\">\r\n        <div class=\"grid-sizer col-1\"><\/div>\r\n\t\t\t\t\r\n\t\t<article class=\"blog-item istp-item col-12 col-sm-12 col-md-6 with-image category-21\">\r\n\t\t\t<div class=\"wrap\">\r\n\t\t\t\t\t\t\t\t\t<div class=\"img\" data-original=\"https:\/\/ronaldrocha.med.br\/wp-content\/uploads\/2018\/10\/catct.jpg\">\r\n\t\t\t\t\t\t\t\t<a href=\"https:\/\/ronaldrocha.med.br\/index.php\/2018\/10\/01\/voce-sabe-o-que-e-catarata\/\" style=\"background-image: url(https:\/\/ronaldrocha.med.br\/wp-content\/uploads\/2018\/10\/catct.jpg)\"><\/a>\r\n\t\t\t<\/div>\r\n\t\t\t\t\t\t\t\t<div class=\"content\">\r\n\t\t\t\t\t\t\t\t\t\t\t\t<h5>\r\n\t\t\t<a class=\"title\" href=\"https:\/\/ronaldrocha.med.br\/index.php\/2018\/10\/01\/voce-sabe-o-que-e-catarata\/\">Voc\u00ea sabe o que \u00e9 CATARATA?<\/a>\r\n\t\t<\/h5>\r\n\t\t\t\t\t\t\t\t\t\t\t\t\t\t\t\t\t\t\t\t\t\t\t\t\t\t\t\t\t\t<a href=\"https:\/\/ronaldrocha.med.br\/index.php\/2018\/10\/01\/voce-sabe-o-que-e-catarata\/\" class=\"button-style2\">\r\n\t\t\tLeia Mais\t\t<\/a>\r\n\t\t\t\t\t\t<\/div>\r\n        <div class=\"clear\"><\/div>\r\n        \t\t<div class=\"bottom\">\r\n\t\t\t\t\t\t\t<div class=\"col\">\r\n\t\t\t\t\t<a href=\"#\" class=\"zilla-likes\" id=\"zilla-likes-1198\" title=\"Like this\" data-postfix=\" like\"><i class=\"multimedia-icon-heart\"><\/i> <span>1 like<\/span><\/a>\t\t\t\t<\/div>\r\n\t\t\t\t\t\t\t\t<\/div>\r\n\t\t\t\t\t<\/div>\r\n\t\t<\/article>\r\n\t\t\r\n\t\t<article class=\"blog-item istp-item col-12 col-sm-12 col-md-6 with-image category-21\">\r\n\t\t\t<div class=\"wrap\">\r\n\t\t\t\t\t\t\t\t\t<div class=\"img\" data-original=\"https:\/\/ronaldrocha.med.br\/wp-content\/uploads\/2018\/10\/3022361329372951658.jpg\">\r\n\t\t\t\t\t\t\t\t<a href=\"https:\/\/ronaldrocha.med.br\/index.php\/2018\/10\/01\/catarata-traumatica\/\" style=\"background-image: url(https:\/\/ronaldrocha.med.br\/wp-content\/uploads\/2018\/10\/3022361329372951658.jpg)\"><\/a>\r\n\t\t\t<\/div>\r\n\t\t\t\t\t\t\t\t<div class=\"content\">\r\n\t\t\t\t\t\t\t\t\t\t\t\t<h5>\r\n\t\t\t<a class=\"title\" href=\"https:\/\/ronaldrocha.med.br\/index.php\/2018\/10\/01\/catarata-traumatica\/\">CATARATA TRAUM\u00c1TICA<\/a>\r\n\t\t<\/h5>\r\n\t\t\t\t\t\t\t\t\t\t\t\t\t\t\t\t\t\t\t\t\t\t\t\t\t\t\t\t\t\t<a href=\"https:\/\/ronaldrocha.med.br\/index.php\/2018\/10\/01\/catarata-traumatica\/\" class=\"button-style2\">\r\n\t\t\tLeia Mais\t\t<\/a>\r\n\t\t\t\t\t\t<\/div>\r\n        <div class=\"clear\"><\/div>\r\n        \t\t<div class=\"bottom\">\r\n\t\t\t\t\t\t\t<div class=\"col\">\r\n\t\t\t\t\t<a href=\"#\" class=\"zilla-likes\" id=\"zilla-likes-1196\" title=\"Like this\" data-postfix=\" like\"><i class=\"multimedia-icon-heart\"><\/i> <span>1 like<\/span><\/a>\t\t\t\t<\/div>\r\n\t\t\t\t\t\t\t\t<\/div>\r\n\t\t\t\t\t<\/div>\r\n\t\t<\/article>\r\n\t\t\t\t\t<\/div>\r\n\t\t\t\t\t<\/div>\r\n\r\n    \t\t<\/div>\n\t\t\t\t<\/div>\n\t\t\t\t\t<\/div>\n\t\t<\/div>\n\t\t\t\t\t<\/div>\n\t\t<\/section>\n\t\t\t\t<\/div>\n\t\t","protected":false},"excerpt":{"rendered":"<p>Dicas de Sa\u00fade Voc\u00ea sabe o que \u00e9 CATARATA? Leia Mais 0 likes CATARATA TRAUM\u00c1TICA Leia Mais 0 likes<\/p>\n","protected":false},"author":1,"featured_media":0,"parent":0,"menu_order":0,"comment_status":"closed","ping_status":"closed","template":"template-landing.php","meta":{"_acf_changed":false,"om_disable_all_campaigns":false,"_monsterinsights_skip_tracking":false,"_monsterinsights_sitenote_active":false,"_monsterinsights_sitenote_note":"","_monsterinsights_sitenote_category":0,"footnotes":""},"class_list":["post-2886","page","type-page","status-publish","hentry"],"acf":[],"aioseo_notices":[],"aioseo_head":"\n\t\t<!-- All in One SEO Pro 4.7.9 - aioseo.com -->\n\t\t<meta name=\"description\" content=\"CATARATA TRAUM\u00c1TICA \u00e9 a opacidade do cristalino (lente natural do olho) ocasionada por algum tipo de agress\u00e3o ou impacto no olho, como em quedas, acidente dom\u00e9sticos, atividades esportivas de contato e choque el\u00e9trico, e os sintomas pode aparecer depois de dias do trauma.*Sintomas mais comuns*\u2013 Altera\u00e7\u00e3o da cor da pupila para um tom esbranqui\u00e7ado\u2013 Turva\u00e7\u00e3o\" \/>\n\t\t<meta name=\"robots\" content=\"max-image-preview:large\" \/>\n\t\t<link rel=\"canonical\" href=\"https:\/\/ronaldrocha.med.br\/index.php\/2018\/10\/01\/catarata-traumatica\/\" \/>\n\t\t<meta name=\"generator\" content=\"All in One SEO Pro (AIOSEO) 4.7.9\" \/>\n\t\t<meta property=\"og:locale\" content=\"pt_BR\" \/>\n\t\t<meta property=\"og:site_name\" content=\"Ronald Rocha Oftalmologista - especialista em catarata e retina em feira de santana e regi\u00e3o\" \/>\n\t\t<meta property=\"og:type\" content=\"article\" \/>\n\t\t<meta property=\"og:title\" content=\"CATARATA TRAUM\u00c1TICA - Ronald Rocha Oftalmologista\" \/>\n\t\t<meta property=\"og:description\" content=\"CATARATA TRAUM\u00c1TICA \u00e9 a opacidade do cristalino (lente natural do olho) ocasionada por algum tipo de agress\u00e3o ou impacto no olho, como em quedas, acidente dom\u00e9sticos, atividades esportivas de contato e choque el\u00e9trico, e os sintomas pode aparecer depois de dias do trauma.*Sintomas mais comuns*\u2013 Altera\u00e7\u00e3o da cor da pupila para um tom esbranqui\u00e7ado\u2013 Turva\u00e7\u00e3o\" \/>\n\t\t<meta property=\"og:url\" content=\"https:\/\/ronaldrocha.med.br\/index.php\/2018\/10\/01\/catarata-traumatica\/\" \/>\n\t\t<meta property=\"article:published_time\" content=\"2018-10-01T11:50:38+00:00\" \/>\n\t\t<meta property=\"article:modified_time\" content=\"2024-02-10T04:03:48+00:00\" \/>\n\t\t<meta name=\"twitter:card\" content=\"summary_large_image\" \/>\n\t\t<meta name=\"twitter:title\" content=\"CATARATA TRAUM\u00c1TICA - Ronald Rocha Oftalmologista\" \/>\n\t\t<meta name=\"twitter:description\" content=\"CATARATA TRAUM\u00c1TICA \u00e9 a opacidade do cristalino (lente natural do olho) ocasionada por algum tipo de agress\u00e3o ou impacto no olho, como em quedas, acidente dom\u00e9sticos, atividades esportivas de contato e choque el\u00e9trico, e os sintomas pode aparecer depois de dias do trauma.*Sintomas mais comuns*\u2013 Altera\u00e7\u00e3o da cor da pupila para um tom esbranqui\u00e7ado\u2013 Turva\u00e7\u00e3o\" \/>\n\t\t<script type=\"application\/ld+json\" class=\"aioseo-schema\">\n\t\t\t{\"@context\":\"https:\\\/\\\/schema.org\",\"@graph\":[{\"@type\":\"BlogPosting\",\"@id\":\"https:\\\/\\\/ronaldrocha.med.br\\\/index.php\\\/2018\\\/10\\\/01\\\/catarata-traumatica\\\/#blogposting\",\"name\":\"CATARATA TRAUM\\u00c1TICA - Ronald Rocha Oftalmologista\",\"headline\":\"CATARATA TRAUM\\u00c1TICA\",\"author\":{\"@id\":\"https:\\\/\\\/ronaldrocha.med.br\\\/index.php\\\/author\\\/admin_juiaeku5\\\/#author\"},\"publisher\":{\"@id\":\"https:\\\/\\\/ronaldrocha.med.br\\\/#organization\"},\"image\":{\"@type\":\"ImageObject\",\"url\":\"https:\\\/\\\/ronaldrocha.med.br\\\/wp-content\\\/uploads\\\/2018\\\/10\\\/3022361329372951658.jpg\",\"width\":640,\"height\":640},\"datePublished\":\"2018-10-01T11:50:38+00:00\",\"dateModified\":\"2024-02-10T04:03:48+00:00\",\"inLanguage\":\"pt-BR\",\"mainEntityOfPage\":{\"@id\":\"https:\\\/\\\/ronaldrocha.med.br\\\/index.php\\\/2018\\\/10\\\/01\\\/catarata-traumatica\\\/#webpage\"},\"isPartOf\":{\"@id\":\"https:\\\/\\\/ronaldrocha.med.br\\\/index.php\\\/2018\\\/10\\\/01\\\/catarata-traumatica\\\/#webpage\"},\"articleSection\":\"Catarata\"},{\"@type\":\"BreadcrumbList\",\"@id\":\"https:\\\/\\\/ronaldrocha.med.br\\\/index.php\\\/2018\\\/10\\\/01\\\/catarata-traumatica\\\/#breadcrumblist\",\"itemListElement\":[{\"@type\":\"ListItem\",\"@id\":\"https:\\\/\\\/ronaldrocha.med.br\\\/#listItem\",\"position\":1,\"name\":\"Home\",\"item\":\"https:\\\/\\\/ronaldrocha.med.br\\\/\",\"nextItem\":\"https:\\\/\\\/ronaldrocha.med.br\\\/index.php\\\/2018\\\/#listItem\"},{\"@type\":\"ListItem\",\"@id\":\"https:\\\/\\\/ronaldrocha.med.br\\\/index.php\\\/2018\\\/#listItem\",\"position\":2,\"name\":\"2018\",\"item\":\"https:\\\/\\\/ronaldrocha.med.br\\\/index.php\\\/2018\\\/\",\"nextItem\":\"https:\\\/\\\/ronaldrocha.med.br\\\/index.php\\\/2018\\\/10\\\/#listItem\",\"previousItem\":\"https:\\\/\\\/ronaldrocha.med.br\\\/#listItem\"},{\"@type\":\"ListItem\",\"@id\":\"https:\\\/\\\/ronaldrocha.med.br\\\/index.php\\\/2018\\\/10\\\/#listItem\",\"position\":3,\"name\":\"October\",\"item\":\"https:\\\/\\\/ronaldrocha.med.br\\\/index.php\\\/2018\\\/10\\\/\",\"nextItem\":\"https:\\\/\\\/ronaldrocha.med.br\\\/index.php\\\/2018\\\/10\\\/01\\\/#listItem\",\"previousItem\":\"https:\\\/\\\/ronaldrocha.med.br\\\/index.php\\\/2018\\\/#listItem\"},{\"@type\":\"ListItem\",\"@id\":\"https:\\\/\\\/ronaldrocha.med.br\\\/index.php\\\/2018\\\/10\\\/01\\\/#listItem\",\"position\":4,\"name\":\"1\",\"item\":\"https:\\\/\\\/ronaldrocha.med.br\\\/index.php\\\/2018\\\/10\\\/01\\\/\",\"nextItem\":\"https:\\\/\\\/ronaldrocha.med.br\\\/index.php\\\/2018\\\/10\\\/01\\\/catarata-traumatica\\\/#listItem\",\"previousItem\":\"https:\\\/\\\/ronaldrocha.med.br\\\/index.php\\\/2018\\\/10\\\/#listItem\"},{\"@type\":\"ListItem\",\"@id\":\"https:\\\/\\\/ronaldrocha.med.br\\\/index.php\\\/2018\\\/10\\\/01\\\/catarata-traumatica\\\/#listItem\",\"position\":5,\"name\":\"CATARATA TRAUM\\u00c1TICA\",\"previousItem\":\"https:\\\/\\\/ronaldrocha.med.br\\\/index.php\\\/2018\\\/10\\\/01\\\/#listItem\"}]},{\"@type\":\"Organization\",\"@id\":\"https:\\\/\\\/ronaldrocha.med.br\\\/#organization\",\"name\":\"Ronald Rocha Oftalmologista\",\"description\":\"especialista em catarata e retina em feira de santana e regi\\u00e3o\",\"url\":\"https:\\\/\\\/ronaldrocha.med.br\\\/\"},{\"@type\":\"Person\",\"@id\":\"https:\\\/\\\/ronaldrocha.med.br\\\/index.php\\\/author\\\/admin_juiaeku5\\\/#author\",\"url\":\"https:\\\/\\\/ronaldrocha.med.br\\\/index.php\\\/author\\\/admin_juiaeku5\\\/\",\"name\":\"admin\",\"image\":{\"@type\":\"ImageObject\",\"@id\":\"https:\\\/\\\/ronaldrocha.med.br\\\/index.php\\\/2018\\\/10\\\/01\\\/catarata-traumatica\\\/#authorImage\",\"url\":\"https:\\\/\\\/secure.gravatar.com\\\/avatar\\\/bdebb387bd58915c73002dc93e3088085fc66f698a5185810651f857cbb0f0df?s=96&d=mm&r=g\",\"width\":96,\"height\":96,\"caption\":\"admin\"}},{\"@type\":\"WebPage\",\"@id\":\"https:\\\/\\\/ronaldrocha.med.br\\\/index.php\\\/2018\\\/10\\\/01\\\/catarata-traumatica\\\/#webpage\",\"url\":\"https:\\\/\\\/ronaldrocha.med.br\\\/index.php\\\/2018\\\/10\\\/01\\\/catarata-traumatica\\\/\",\"name\":\"CATARATA TRAUM\\u00c1TICA - Ronald Rocha Oftalmologista\",\"description\":\"CATARATA TRAUM\\u00c1TICA \\u00e9 a opacidade do cristalino (lente natural do olho) ocasionada por algum tipo de agress\\u00e3o ou impacto no olho, como em quedas, acidente dom\\u00e9sticos, atividades esportivas de contato e choque el\\u00e9trico, e os sintomas pode aparecer depois de dias do trauma.*Sintomas mais comuns*\\u2013 Altera\\u00e7\\u00e3o da cor da pupila para um tom esbranqui\\u00e7ado\\u2013 Turva\\u00e7\\u00e3o\",\"inLanguage\":\"pt-BR\",\"isPartOf\":{\"@id\":\"https:\\\/\\\/ronaldrocha.med.br\\\/#website\"},\"breadcrumb\":{\"@id\":\"https:\\\/\\\/ronaldrocha.med.br\\\/index.php\\\/2018\\\/10\\\/01\\\/catarata-traumatica\\\/#breadcrumblist\"},\"author\":{\"@id\":\"https:\\\/\\\/ronaldrocha.med.br\\\/index.php\\\/author\\\/admin_juiaeku5\\\/#author\"},\"creator\":{\"@id\":\"https:\\\/\\\/ronaldrocha.med.br\\\/index.php\\\/author\\\/admin_juiaeku5\\\/#author\"},\"image\":{\"@type\":\"ImageObject\",\"url\":\"https:\\\/\\\/ronaldrocha.med.br\\\/wp-content\\\/uploads\\\/2018\\\/10\\\/3022361329372951658.jpg\",\"@id\":\"https:\\\/\\\/ronaldrocha.med.br\\\/index.php\\\/2018\\\/10\\\/01\\\/catarata-traumatica\\\/#mainImage\",\"width\":640,\"height\":640},\"primaryImageOfPage\":{\"@id\":\"https:\\\/\\\/ronaldrocha.med.br\\\/index.php\\\/2018\\\/10\\\/01\\\/catarata-traumatica\\\/#mainImage\"},\"datePublished\":\"2018-10-01T11:50:38+00:00\",\"dateModified\":\"2024-02-10T04:03:48+00:00\"},{\"@type\":\"WebSite\",\"@id\":\"https:\\\/\\\/ronaldrocha.med.br\\\/#website\",\"url\":\"https:\\\/\\\/ronaldrocha.med.br\\\/\",\"name\":\"Ronald Rocha Oftalmologista\",\"description\":\"especialista em catarata e retina em feira de santana e regi\\u00e3o\",\"inLanguage\":\"pt-BR\",\"publisher\":{\"@id\":\"https:\\\/\\\/ronaldrocha.med.br\\\/#organization\"}}]}\n\t\t<\/script>\n\t\t<!-- All in One SEO Pro -->\r\n\t\t<title>CATARATA TRAUM\u00c1TICA - Ronald Rocha Oftalmologista<\/title>\n\n","aioseo_head_json":{"title":"CATARATA TRAUM\u00c1TICA - Ronald Rocha Oftalmologista","description":"CATARATA TRAUM\u00c1TICA \u00e9 a opacidade do cristalino (lente natural do olho) ocasionada por algum tipo de agress\u00e3o ou impacto no olho, como em quedas, acidente dom\u00e9sticos, atividades esportivas de contato e choque el\u00e9trico, e os sintomas pode aparecer depois de dias do trauma.*Sintomas mais comuns*\u2013 Altera\u00e7\u00e3o da cor da pupila para um tom esbranqui\u00e7ado\u2013 Turva\u00e7\u00e3o","canonical_url":"https:\/\/ronaldrocha.med.br\/index.php\/2018\/10\/01\/catarata-traumatica\/","robots":"max-image-preview:large","keywords":"","webmasterTools":{"miscellaneous":""},"og:locale":"pt_BR","og:site_name":"Ronald Rocha Oftalmologista - especialista em catarata e retina em feira de santana e regi\u00e3o","og:type":"article","og:title":"CATARATA TRAUM\u00c1TICA - Ronald Rocha Oftalmologista","og:description":"CATARATA TRAUM\u00c1TICA \u00e9 a opacidade do cristalino (lente natural do olho) ocasionada por algum tipo de agress\u00e3o ou impacto no olho, como em quedas, acidente dom\u00e9sticos, atividades esportivas de contato e choque el\u00e9trico, e os sintomas pode aparecer depois de dias do trauma.*Sintomas mais comuns*\u2013 Altera\u00e7\u00e3o da cor da pupila para um tom esbranqui\u00e7ado\u2013 Turva\u00e7\u00e3o","og:url":"https:\/\/ronaldrocha.med.br\/index.php\/2018\/10\/01\/catarata-traumatica\/","article:published_time":"2018-10-01T11:50:38+00:00","article:modified_time":"2024-02-10T04:03:48+00:00","twitter:card":"summary_large_image","twitter:title":"CATARATA TRAUM\u00c1TICA - Ronald Rocha Oftalmologista","twitter:description":"CATARATA TRAUM\u00c1TICA \u00e9 a opacidade do cristalino (lente natural do olho) ocasionada por algum tipo de agress\u00e3o ou impacto no olho, como em quedas, acidente dom\u00e9sticos, atividades esportivas de contato e choque el\u00e9trico, e os sintomas pode aparecer depois de dias do trauma.*Sintomas mais comuns*\u2013 Altera\u00e7\u00e3o da cor da pupila para um tom esbranqui\u00e7ado\u2013 Turva\u00e7\u00e3o","schema":{"@context":"https:\/\/schema.org","@graph":[{"@type":"BlogPosting","@id":"https:\/\/ronaldrocha.med.br\/index.php\/2018\/10\/01\/catarata-traumatica\/#blogposting","name":"CATARATA TRAUM\u00c1TICA - Ronald Rocha Oftalmologista","headline":"CATARATA TRAUM\u00c1TICA","author":{"@id":"https:\/\/ronaldrocha.med.br\/index.php\/author\/admin_juiaeku5\/#author"},"publisher":{"@id":"https:\/\/ronaldrocha.med.br\/#organization"},"image":{"@type":"ImageObject","url":"https:\/\/ronaldrocha.med.br\/wp-content\/uploads\/2018\/10\/3022361329372951658.jpg","width":640,"height":640},"datePublished":"2018-10-01T11:50:38+00:00","dateModified":"2024-02-10T04:03:48+00:00","inLanguage":"pt-BR","mainEntityOfPage":{"@id":"https:\/\/ronaldrocha.med.br\/index.php\/2018\/10\/01\/catarata-traumatica\/#webpage"},"isPartOf":{"@id":"https:\/\/ronaldrocha.med.br\/index.php\/2018\/10\/01\/catarata-traumatica\/#webpage"},"articleSection":"Catarata"},{"@type":"BreadcrumbList","@id":"https:\/\/ronaldrocha.med.br\/index.php\/2018\/10\/01\/catarata-traumatica\/#breadcrumblist","itemListElement":[{"@type":"ListItem","@id":"https:\/\/ronaldrocha.med.br\/#listItem","position":1,"name":"Home","item":"https:\/\/ronaldrocha.med.br\/","nextItem":"https:\/\/ronaldrocha.med.br\/index.php\/2018\/#listItem"},{"@type":"ListItem","@id":"https:\/\/ronaldrocha.med.br\/index.php\/2018\/#listItem","position":2,"name":"2018","item":"https:\/\/ronaldrocha.med.br\/index.php\/2018\/","nextItem":"https:\/\/ronaldrocha.med.br\/index.php\/2018\/10\/#listItem","previousItem":"https:\/\/ronaldrocha.med.br\/#listItem"},{"@type":"ListItem","@id":"https:\/\/ronaldrocha.med.br\/index.php\/2018\/10\/#listItem","position":3,"name":"October","item":"https:\/\/ronaldrocha.med.br\/index.php\/2018\/10\/","nextItem":"https:\/\/ronaldrocha.med.br\/index.php\/2018\/10\/01\/#listItem","previousItem":"https:\/\/ronaldrocha.med.br\/index.php\/2018\/#listItem"},{"@type":"ListItem","@id":"https:\/\/ronaldrocha.med.br\/index.php\/2018\/10\/01\/#listItem","position":4,"name":"1","item":"https:\/\/ronaldrocha.med.br\/index.php\/2018\/10\/01\/","nextItem":"https:\/\/ronaldrocha.med.br\/index.php\/2018\/10\/01\/catarata-traumatica\/#listItem","previousItem":"https:\/\/ronaldrocha.med.br\/index.php\/2018\/10\/#listItem"},{"@type":"ListItem","@id":"https:\/\/ronaldrocha.med.br\/index.php\/2018\/10\/01\/catarata-traumatica\/#listItem","position":5,"name":"CATARATA TRAUM\u00c1TICA","previousItem":"https:\/\/ronaldrocha.med.br\/index.php\/2018\/10\/01\/#listItem"}]},{"@type":"Organization","@id":"https:\/\/ronaldrocha.med.br\/#organization","name":"Ronald Rocha Oftalmologista","description":"especialista em catarata e retina em feira de santana e regi\u00e3o","url":"https:\/\/ronaldrocha.med.br\/"},{"@type":"Person","@id":"https:\/\/ronaldrocha.med.br\/index.php\/author\/admin_juiaeku5\/#author","url":"https:\/\/ronaldrocha.med.br\/index.php\/author\/admin_juiaeku5\/","name":"admin","image":{"@type":"ImageObject","@id":"https:\/\/ronaldrocha.med.br\/index.php\/2018\/10\/01\/catarata-traumatica\/#authorImage","url":"https:\/\/secure.gravatar.com\/avatar\/bdebb387bd58915c73002dc93e3088085fc66f698a5185810651f857cbb0f0df?s=96&d=mm&r=g","width":96,"height":96,"caption":"admin"}},{"@type":"WebPage","@id":"https:\/\/ronaldrocha.med.br\/index.php\/2018\/10\/01\/catarata-traumatica\/#webpage","url":"https:\/\/ronaldrocha.med.br\/index.php\/2018\/10\/01\/catarata-traumatica\/","name":"CATARATA TRAUM\u00c1TICA - Ronald Rocha Oftalmologista","description":"CATARATA TRAUM\u00c1TICA \u00e9 a opacidade do cristalino (lente natural do olho) ocasionada por algum tipo de agress\u00e3o ou impacto no olho, como em quedas, acidente dom\u00e9sticos, atividades esportivas de contato e choque el\u00e9trico, e os sintomas pode aparecer depois de dias do trauma.*Sintomas mais comuns*\u2013 Altera\u00e7\u00e3o da cor da pupila para um tom esbranqui\u00e7ado\u2013 Turva\u00e7\u00e3o","inLanguage":"pt-BR","isPartOf":{"@id":"https:\/\/ronaldrocha.med.br\/#website"},"breadcrumb":{"@id":"https:\/\/ronaldrocha.med.br\/index.php\/2018\/10\/01\/catarata-traumatica\/#breadcrumblist"},"author":{"@id":"https:\/\/ronaldrocha.med.br\/index.php\/author\/admin_juiaeku5\/#author"},"creator":{"@id":"https:\/\/ronaldrocha.med.br\/index.php\/author\/admin_juiaeku5\/#author"},"image":{"@type":"ImageObject","url":"https:\/\/ronaldrocha.med.br\/wp-content\/uploads\/2018\/10\/3022361329372951658.jpg","@id":"https:\/\/ronaldrocha.med.br\/index.php\/2018\/10\/01\/catarata-traumatica\/#mainImage","width":640,"height":640},"primaryImageOfPage":{"@id":"https:\/\/ronaldrocha.med.br\/index.php\/2018\/10\/01\/catarata-traumatica\/#mainImage"},"datePublished":"2018-10-01T11:50:38+00:00","dateModified":"2024-02-10T04:03:48+00:00"},{"@type":"WebSite","@id":"https:\/\/ronaldrocha.med.br\/#website","url":"https:\/\/ronaldrocha.med.br\/","name":"Ronald Rocha Oftalmologista","description":"especialista em catarata e retina em feira de santana e regi\u00e3o","inLanguage":"pt-BR","publisher":{"@id":"https:\/\/ronaldrocha.med.br\/#organization"}}]}},"aioseo_meta_data":{"post_id":"2886","title":null,"description":null,"keywords":null,"keyphrases":null,"primary_term":null,"canonical_url":null,"og_title":null,"og_description":null,"og_object_type":"default","og_image_type":"default","og_image_url":null,"og_image_width":null,"og_image_height":null,"og_image_custom_url":null,"og_image_custom_fields":null,"og_video":null,"og_custom_url":null,"og_article_section":null,"og_article_tags":null,"twitter_use_og":false,"twitter_card":"default","twitter_image_type":"default","twitter_image_url":null,"twitter_image_custom_url":null,"twitter_image_custom_fields":null,"twitter_title":null,"twitter_description":null,"schema":{"blockGraphs":[],"customGraphs":[],"default":{"data":{"Article":[],"Course":[],"Dataset":[],"FAQPage":[],"Movie":[],"Person":[],"Product":[],"ProductReview":[],"Car":[],"Recipe":[],"Service":[],"SoftwareApplication":[],"WebPage":[]},"graphName":"","isEnabled":true},"graphs":[]},"schema_type":"default","schema_type_options":null,"pillar_content":false,"robots_default":true,"robots_noindex":false,"robots_noarchive":false,"robots_nosnippet":false,"robots_nofollow":false,"robots_noimageindex":false,"robots_noodp":false,"robots_notranslate":false,"robots_max_snippet":null,"robots_max_videopreview":null,"robots_max_imagepreview":"large","priority":null,"frequency":null,"local_seo":null,"breadcrumb_settings":null,"limit_modified_date":false,"open_ai":null,"created":"2025-08-02 19:49:05","updated":"2025-08-03 10:57:02"},"aioseo_breadcrumb":"<div class=\"aioseo-breadcrumbs\"><span class=\"aioseo-breadcrumb\">\n\t<a href=\"https:\/\/ronaldrocha.med.br\" title=\"Home\">Home<\/a>\n<\/span><span class=\"aioseo-breadcrumb-separator\">&raquo;<\/span><span class=\"aioseo-breadcrumb\">\n\tDicas de Sa\u00fade\n<\/span><\/div>","aioseo_breadcrumb_json":[{"label":"Home","link":"https:\/\/ronaldrocha.med.br"},{"label":"Dicas de Sa\u00fade","link":"https:\/\/ronaldrocha.med.br\/index.php\/dicas-de-saude\/"}],"_links":{"self":[{"href":"https:\/\/ronaldrocha.med.br\/index.php\/wp-json\/wp\/v2\/pages\/2886","targetHints":{"allow":["GET"]}}],"collection":[{"href":"https:\/\/ronaldrocha.med.br\/index.php\/wp-json\/wp\/v2\/pages"}],"about":[{"href":"https:\/\/ronaldrocha.med.br\/index.php\/wp-json\/wp\/v2\/types\/page"}],"author":[{"embeddable":true,"href":"https:\/\/ronaldrocha.med.br\/index.php\/wp-json\/wp\/v2\/users\/1"}],"replies":[{"embeddable":true,"href":"https:\/\/ronaldrocha.med.br\/index.php\/wp-json\/wp\/v2\/comments?post=2886"}],"version-history":[{"count":29,"href":"https:\/\/ronaldrocha.med.br\/index.php\/wp-json\/wp\/v2\/pages\/2886\/revisions"}],"predecessor-version":[{"id":4135,"href":"https:\/\/ronaldrocha.med.br\/index.php\/wp-json\/wp\/v2\/pages\/2886\/revisions\/4135"}],"wp:attachment":[{"href":"https:\/\/ronaldrocha.med.br\/index.php\/wp-json\/wp\/v2\/media?parent=2886"}],"curies":[{"name":"wp","href":"https:\/\/api.w.org\/{rel}","templated":true}]}}